{"id":695,"date":"2025-09-13T07:46:41","date_gmt":"2025-09-13T07:46:41","guid":{"rendered":"https:\/\/villa-serenity-sibenik.com\/?page_id=695"},"modified":"2025-12-11T19:39:17","modified_gmt":"2025-12-11T19:39:17","slug":"kuca-za-odmor","status":"publish","type":"page","link":"https:\/\/villa-serenity-sibenik.com\/hr\/kuca-za-odmor\/","title":{"rendered":"ku\u0107a za odmor"},"content":{"rendered":"<div data-elementor-type=\"wp-page\" data-elementor-id=\"695\" class=\"elementor elementor-695\" data-elementor-post-type=\"page\">\n\t\t\t\t<div class=\"elementor-element elementor-element-0b84bc2 e-flex e-con-boxed e-con e-parent\" data-id=\"0b84bc2\" data-element_type=\"container\" data-settings=\"{&quot;background_background&quot;:&quot;classic&quot;}\">\n\t\t\t\t\t<div class=\"e-con-inner\">\n\t\t<div class=\"elementor-element elementor-element-518f2bf e-con-full e-flex e-con e-child\" data-id=\"518f2bf\" data-element_type=\"container\">\n\t\t\t\t<div class=\"elementor-element elementor-element-2e0958e elementor-widget elementor-widget-heading\" data-id=\"2e0958e\" data-element_type=\"widget\" data-settings=\"{&quot;_animation&quot;:&quot;none&quot;,&quot;_animation_delay&quot;:&quot;50&quot;}\" data-widget_type=\"heading.default\">\n\t\t\t\t\t<p class=\"elementor-heading-title elementor-size-default\">260 m\u00b2 za do 10 osoba<\/p>\t\t\t\t<\/div>\n\t\t\t\t<div class=\"elementor-element elementor-element-48c24c6 elementor-widget elementor-widget-heading\" data-id=\"48c24c6\" data-element_type=\"widget\" data-settings=\"{&quot;_animation&quot;:&quot;none&quot;,&quot;_animation_delay&quot;:&quot;200&quot;}\" data-widget_type=\"heading.default\">\n\t\t\t\t\t<h1 class=\"elementor-heading-title elementor-size-default\">Ugodna ku\u0107a za odmor u blizini \u0160ibenika<\/h1>\t\t\t\t<\/div>\n\t\t\t\t<div class=\"elementor-element elementor-element-1720b4d elementor-widget elementor-widget-text-editor\" data-id=\"1720b4d\" data-element_type=\"widget\" data-settings=\"{&quot;_animation&quot;:&quot;none&quot;,&quot;_animation_delay&quot;:&quot;150&quot;}\" data-widget_type=\"text-editor.default\">\n\t\t\t\t\t\t\t\t\t<p>Vila Serenity nudi vam tri stambena prostora na razli\u010ditim katovima \u2013 idealno za odmor vi\u0161e generacija ili za obitelji, parove i prijatelje koji \u017eele putovati zajedno i otkrivati Hrvatsku.<\/p>\t\t\t\t\t\t\t\t<\/div>\n\t\t\t\t<\/div>\n\t\t\t\t\t<\/div>\n\t\t\t\t<\/div>\n\t\t<div class=\"elementor-element elementor-element-368d5fb e-flex e-con-boxed e-con e-parent\" data-id=\"368d5fb\" data-element_type=\"container\" data-settings=\"{&quot;background_background&quot;:&quot;classic&quot;}\">\n\t\t\t\t\t<div class=\"e-con-inner\">\n\t\t<div class=\"elementor-element elementor-element-6726aa8 e-con-full e-flex e-con e-child\" data-id=\"6726aa8\" data-element_type=\"container\" data-settings=\"{&quot;motion_fx_motion_fx_scrolling&quot;:&quot;yes&quot;,&quot;motion_fx_devices&quot;:[&quot;desktop&quot;,&quot;tablet&quot;],&quot;motion_fx_range&quot;:&quot;viewport&quot;}\">\n\t\t\t\t<div class=\"elementor-element elementor-element-ee1c311 elementor-widget elementor-widget-heading\" data-id=\"ee1c311\" data-element_type=\"widget\" data-settings=\"{&quot;_animation&quot;:&quot;none&quot;,&quot;_animation_delay&quot;:&quot;200&quot;}\" data-widget_type=\"heading.default\">\n\t\t\t\t\t<h2 class=\"elementor-heading-title elementor-size-default\">Tri stambena prostora<\/h2>\t\t\t\t<\/div>\n\t\t\t\t<div class=\"elementor-element elementor-element-f341ecf elementor-widget elementor-widget-heading\" data-id=\"f341ecf\" data-element_type=\"widget\" data-settings=\"{&quot;_animation&quot;:&quot;none&quot;,&quot;_animation_delay&quot;:&quot;200&quot;}\" data-widget_type=\"heading.default\">\n\t\t\t\t\t<h3 class=\"elementor-heading-title elementor-size-default\">Gornji kat - Dva odvojena stana<\/h3>\t\t\t\t<\/div>\n\t\t\t\t<div class=\"elementor-element elementor-element-c5a033b elementor-widget elementor-widget-text-editor\" data-id=\"c5a033b\" data-element_type=\"widget\" data-settings=\"{&quot;_animation&quot;:&quot;none&quot;,&quot;_animation_delay&quot;:&quot;150&quot;}\" data-widget_type=\"text-editor.default\">\n\t\t\t\t\t\t\t\t\t<p>Na katu se nalaze dva ugodna apartmana za odmor \u2013 svaki sa spava\u0107om sobom, vlastitom kupaonicom, malom kuhinjom i balkonom s pogledom na more. Ujutro ovdje mo\u017eete u\u017eivati u mirnoj kavi dok svi dolje jo\u0161 spavaju.<\/p>\t\t\t\t\t\t\t\t<\/div>\n\t\t\t\t<div class=\"elementor-element elementor-element-204f0d3 elementor-widget elementor-widget-gallery\" data-id=\"204f0d3\" data-element_type=\"widget\" data-settings=\"{&quot;columns&quot;:2,&quot;aspect_ratio&quot;:&quot;4:3&quot;,&quot;lazyload&quot;:&quot;yes&quot;,&quot;gallery_layout&quot;:&quot;grid&quot;,&quot;columns_tablet&quot;:2,&quot;columns_mobile&quot;:1,&quot;gap&quot;:{&quot;unit&quot;:&quot;px&quot;,&quot;size&quot;:10,&quot;sizes&quot;:[]},&quot;gap_tablet&quot;:{&quot;unit&quot;:&quot;px&quot;,&quot;size&quot;:10,&quot;sizes&quot;:[]},&quot;gap_mobile&quot;:{&quot;unit&quot;:&quot;px&quot;,&quot;size&quot;:10,&quot;sizes&quot;:[]},&quot;link_to&quot;:&quot;file&quot;,&quot;overlay_background&quot;:&quot;yes&quot;,&quot;content_hover_animation&quot;:&quot;fade-in&quot;}\" data-widget_type=\"gallery.default\">\n\t\t\t\t\t\t\t<div class=\"elementor-gallery__container\">\n\t\t\t\t\t\t\t<a class=\"e-gallery-item elementor-gallery-item elementor-animated-content\" href=\"https:\/\/villa-serenity-sibenik.com\/wp-content\/uploads\/2025\/12\/villa-serenity-wohnzimmer-oben-links-min.jpg\" data-elementor-open-lightbox=\"yes\" data-elementor-lightbox-slideshow=\"204f0d3\" data-elementor-lightbox-title=\"villa-serenity-wohnzimmer-oben-links-min\" data-e-action-hash=\"#elementor-action%3Aaction%3Dlightbox%26settings%3DeyJpZCI6MTQzNSwidXJsIjoiaHR0cHM6XC9cL3ZpbGxhLXNlcmVuaXR5LXNpYmVuaWsuY29tXC93cC1jb250ZW50XC91cGxvYWRzXC8yMDI1XC8xMlwvdmlsbGEtc2VyZW5pdHktd29obnppbW1lci1vYmVuLWxpbmtzLW1pbi5qcGciLCJzbGlkZXNob3ciOiIyMDRmMGQzIn0%3D\">\n\t\t\t\t\t<div class=\"e-gallery-image elementor-gallery-item__image\" data-thumbnail=\"https:\/\/villa-serenity-sibenik.com\/wp-content\/uploads\/2025\/12\/villa-serenity-wohnzimmer-oben-links-min.jpg\" data-width=\"805\" data-height=\"420\" aria-label=\"\" role=\"img\" ><\/div>\n\t\t\t\t\t\t\t\t\t\t\t<div class=\"elementor-gallery-item__overlay\"><\/div>\n\t\t\t\t\t\t\t\t\t\t\t\t\t\t<\/a>\n\t\t\t\t\t\t\t<a class=\"e-gallery-item elementor-gallery-item elementor-animated-content\" href=\"https:\/\/villa-serenity-sibenik.com\/wp-content\/uploads\/2025\/09\/villa_serenity_badezimmer2-min.jpg\" data-elementor-open-lightbox=\"yes\" data-elementor-lightbox-slideshow=\"204f0d3\" data-elementor-lightbox-title=\"villa_serenity_badezimmer2-min\" data-e-action-hash=\"#elementor-action%3Aaction%3Dlightbox%26settings%3DeyJpZCI6MTM3MiwidXJsIjoiaHR0cHM6XC9cL3ZpbGxhLXNlcmVuaXR5LXNpYmVuaWsuY29tXC93cC1jb250ZW50XC91cGxvYWRzXC8yMDI1XC8wOVwvdmlsbGFfc2VyZW5pdHlfYmFkZXppbW1lcjItbWluLmpwZyIsInNsaWRlc2hvdyI6IjIwNGYwZDMifQ%3D%3D\">\n\t\t\t\t\t<div class=\"e-gallery-image elementor-gallery-item__image\" data-thumbnail=\"https:\/\/villa-serenity-sibenik.com\/wp-content\/uploads\/2025\/09\/villa_serenity_badezimmer2-min.jpg\" data-width=\"805\" data-height=\"420\" aria-label=\"\" role=\"img\" ><\/div>\n\t\t\t\t\t\t\t\t\t\t\t<div class=\"elementor-gallery-item__overlay\"><\/div>\n\t\t\t\t\t\t\t\t\t\t\t\t\t\t<\/a>\n\t\t\t\t\t\t\t<a class=\"e-gallery-item elementor-gallery-item elementor-animated-content\" href=\"https:\/\/villa-serenity-sibenik.com\/wp-content\/uploads\/2025\/09\/balkon-villa-serenity-min.jpg\" data-elementor-open-lightbox=\"yes\" data-elementor-lightbox-slideshow=\"204f0d3\" data-elementor-lightbox-title=\"balkon-villa-serenity-min\" data-e-action-hash=\"#elementor-action%3Aaction%3Dlightbox%26settings%3DeyJpZCI6MTM3MCwidXJsIjoiaHR0cHM6XC9cL3ZpbGxhLXNlcmVuaXR5LXNpYmVuaWsuY29tXC93cC1jb250ZW50XC91cGxvYWRzXC8yMDI1XC8wOVwvYmFsa29uLXZpbGxhLXNlcmVuaXR5LW1pbi5qcGciLCJzbGlkZXNob3ciOiIyMDRmMGQzIn0%3D\">\n\t\t\t\t\t<div class=\"e-gallery-image elementor-gallery-item__image\" data-thumbnail=\"https:\/\/villa-serenity-sibenik.com\/wp-content\/uploads\/2025\/09\/balkon-villa-serenity-min.jpg\" data-width=\"805\" data-height=\"420\" aria-label=\"\" role=\"img\" ><\/div>\n\t\t\t\t\t\t\t\t\t\t\t<div class=\"elementor-gallery-item__overlay\"><\/div>\n\t\t\t\t\t\t\t\t\t\t\t\t\t\t<\/a>\n\t\t\t\t\t<\/div>\n\t\t\t\t\t<\/div>\n\t\t\t\t<div class=\"elementor-element elementor-element-1820d05 elementor-widget elementor-widget-heading\" data-id=\"1820d05\" data-element_type=\"widget\" data-settings=\"{&quot;_animation&quot;:&quot;none&quot;,&quot;_animation_delay&quot;:&quot;200&quot;}\" data-widget_type=\"heading.default\">\n\t\t\t\t\t<h3 class=\"elementor-heading-title elementor-size-default\">Prizemlje - Glavni apartman<\/h3>\t\t\t\t<\/div>\n\t\t\t\t<div class=\"elementor-element elementor-element-4162a93 elementor-widget elementor-widget-text-editor\" data-id=\"4162a93\" data-element_type=\"widget\" data-settings=\"{&quot;_animation&quot;:&quot;none&quot;,&quot;_animation_delay&quot;:&quot;150&quot;}\" data-widget_type=\"text-editor.default\">\n\t\t\t\t\t\t\t\t\t<p>Osim dvije dodatne spava\u0107e sobe, ovdje definitivno ima mjesta za sve: velika kuhinja u kojoj mo\u017eete zajedno kuhati, dnevni boravak s udobnom sofom i TV-om za opu\u0161taju\u0107e ve\u010deri. Odavde tako\u0111er mo\u017eete izravno pristupiti sun\u010danoj terasi.<\/p>\t\t\t\t\t\t\t\t<\/div>\n\t\t\t\t<div class=\"elementor-element elementor-element-ea890f7 elementor-widget elementor-widget-gallery\" data-id=\"ea890f7\" data-element_type=\"widget\" data-settings=\"{&quot;columns&quot;:2,&quot;aspect_ratio&quot;:&quot;4:3&quot;,&quot;lazyload&quot;:&quot;yes&quot;,&quot;gallery_layout&quot;:&quot;grid&quot;,&quot;columns_tablet&quot;:2,&quot;columns_mobile&quot;:1,&quot;gap&quot;:{&quot;unit&quot;:&quot;px&quot;,&quot;size&quot;:10,&quot;sizes&quot;:[]},&quot;gap_tablet&quot;:{&quot;unit&quot;:&quot;px&quot;,&quot;size&quot;:10,&quot;sizes&quot;:[]},&quot;gap_mobile&quot;:{&quot;unit&quot;:&quot;px&quot;,&quot;size&quot;:10,&quot;sizes&quot;:[]},&quot;link_to&quot;:&quot;file&quot;,&quot;overlay_background&quot;:&quot;yes&quot;,&quot;content_hover_animation&quot;:&quot;fade-in&quot;}\" data-widget_type=\"gallery.default\">\n\t\t\t\t\t\t\t<div class=\"elementor-gallery__container\">\n\t\t\t\t\t\t\t<a class=\"e-gallery-item elementor-gallery-item elementor-animated-content\" href=\"https:\/\/villa-serenity-sibenik.com\/wp-content\/uploads\/2025\/09\/villa_serenity_schlafzimmer2-min.jpg\" data-elementor-open-lightbox=\"yes\" data-elementor-lightbox-slideshow=\"ea890f7\" data-elementor-lightbox-title=\"villa_serenity_schlafzimmer2-min\" data-e-action-hash=\"#elementor-action%3Aaction%3Dlightbox%26settings%3DeyJpZCI6MTM2NSwidXJsIjoiaHR0cHM6XC9cL3ZpbGxhLXNlcmVuaXR5LXNpYmVuaWsuY29tXC93cC1jb250ZW50XC91cGxvYWRzXC8yMDI1XC8wOVwvdmlsbGFfc2VyZW5pdHlfc2NobGFmemltbWVyMi1taW4uanBnIiwic2xpZGVzaG93IjoiZWE4OTBmNyJ9\">\n\t\t\t\t\t<div class=\"e-gallery-image elementor-gallery-item__image\" data-thumbnail=\"https:\/\/villa-serenity-sibenik.com\/wp-content\/uploads\/2025\/09\/villa_serenity_schlafzimmer2-min.jpg\" data-width=\"805\" data-height=\"420\" aria-label=\"\" role=\"img\" ><\/div>\n\t\t\t\t\t\t\t\t\t\t\t<div class=\"elementor-gallery-item__overlay\"><\/div>\n\t\t\t\t\t\t\t\t\t\t\t\t\t\t<\/a>\n\t\t\t\t\t\t\t<a class=\"e-gallery-item elementor-gallery-item elementor-animated-content\" href=\"https:\/\/villa-serenity-sibenik.com\/wp-content\/uploads\/2025\/09\/villa-serenity-wohnzimmer-grosse-wohnung-min.jpg\" data-elementor-open-lightbox=\"yes\" data-elementor-lightbox-slideshow=\"ea890f7\" data-elementor-lightbox-title=\"villa-serenity-wohnzimmer-grosse-wohnung-min\" data-e-action-hash=\"#elementor-action%3Aaction%3Dlightbox%26settings%3DeyJpZCI6MTM2NCwidXJsIjoiaHR0cHM6XC9cL3ZpbGxhLXNlcmVuaXR5LXNpYmVuaWsuY29tXC93cC1jb250ZW50XC91cGxvYWRzXC8yMDI1XC8wOVwvdmlsbGEtc2VyZW5pdHktd29obnppbW1lci1ncm9zc2Utd29obnVuZy1taW4uanBnIiwic2xpZGVzaG93IjoiZWE4OTBmNyJ9\">\n\t\t\t\t\t<div class=\"e-gallery-image elementor-gallery-item__image\" data-thumbnail=\"https:\/\/villa-serenity-sibenik.com\/wp-content\/uploads\/2025\/09\/villa-serenity-wohnzimmer-grosse-wohnung-min.jpg\" data-width=\"805\" data-height=\"420\" aria-label=\"\" role=\"img\" ><\/div>\n\t\t\t\t\t\t\t\t\t\t\t<div class=\"elementor-gallery-item__overlay\"><\/div>\n\t\t\t\t\t\t\t\t\t\t\t\t\t\t<\/a>\n\t\t\t\t\t<\/div>\n\t\t\t\t\t<\/div>\n\t\t\t\t<\/div>\n\t\t\t\t\t<\/div>\n\t\t\t\t<\/div>\n\t\t<div class=\"elementor-element elementor-element-3330667 e-flex e-con-boxed e-con e-parent\" data-id=\"3330667\" data-element_type=\"container\" data-settings=\"{&quot;background_background&quot;:&quot;classic&quot;}\">\n\t\t\t\t\t<div class=\"e-con-inner\">\n\t\t<div class=\"elementor-element elementor-element-4f84a93 e-con-full e-flex e-con e-child\" data-id=\"4f84a93\" data-element_type=\"container\" data-settings=\"{&quot;motion_fx_motion_fx_scrolling&quot;:&quot;yes&quot;,&quot;motion_fx_devices&quot;:[&quot;desktop&quot;,&quot;tablet&quot;],&quot;motion_fx_range&quot;:&quot;viewport&quot;}\">\n\t\t\t\t<div class=\"elementor-element elementor-element-e4c2de8 elementor-widget elementor-widget-heading\" data-id=\"e4c2de8\" data-element_type=\"widget\" data-settings=\"{&quot;_animation&quot;:&quot;none&quot;,&quot;_animation_delay&quot;:&quot;200&quot;}\" data-widget_type=\"heading.default\">\n\t\t\t\t\t<h2 class=\"elementor-heading-title elementor-size-default\">Vanjski prostor je va\u0161 drugi dnevni boravak.<\/h2>\t\t\t\t<\/div>\n\t\t\t\t<div class=\"elementor-element elementor-element-5d012bb elementor-widget elementor-widget-text-editor\" data-id=\"5d012bb\" data-element_type=\"widget\" data-settings=\"{&quot;_animation&quot;:&quot;none&quot;,&quot;_animation_delay&quot;:&quot;150&quot;}\" data-widget_type=\"text-editor.default\">\n\t\t\t\t\t\t\t\t\t<p>\u017divot u Dalmaciji uglavnom se odvija na otvorenom. Stoga \u0107e sun\u010dana terasa s grijanim bazenom brzo postati va\u0161e omiljeno mjesto. Ovdje se mo\u017eete opustiti, ro\u0161tiljati, jednostavno biti zajedno i u\u017eivati u panoramskom pogledu ili prekrasnim zalascima sunca.<\/p>\t\t\t\t\t\t\t\t<\/div>\n\t\t\t\t<div class=\"elementor-element elementor-element-6c8b15f elementor-widget elementor-widget-gallery\" data-id=\"6c8b15f\" data-element_type=\"widget\" data-settings=\"{&quot;columns&quot;:2,&quot;aspect_ratio&quot;:&quot;4:3&quot;,&quot;lazyload&quot;:&quot;yes&quot;,&quot;gallery_layout&quot;:&quot;grid&quot;,&quot;columns_tablet&quot;:2,&quot;columns_mobile&quot;:1,&quot;gap&quot;:{&quot;unit&quot;:&quot;px&quot;,&quot;size&quot;:10,&quot;sizes&quot;:[]},&quot;gap_tablet&quot;:{&quot;unit&quot;:&quot;px&quot;,&quot;size&quot;:10,&quot;sizes&quot;:[]},&quot;gap_mobile&quot;:{&quot;unit&quot;:&quot;px&quot;,&quot;size&quot;:10,&quot;sizes&quot;:[]},&quot;link_to&quot;:&quot;file&quot;,&quot;overlay_background&quot;:&quot;yes&quot;,&quot;content_hover_animation&quot;:&quot;fade-in&quot;}\" data-widget_type=\"gallery.default\">\n\t\t\t\t\t\t\t<div class=\"elementor-gallery__container\">\n\t\t\t\t\t\t\t<a class=\"e-gallery-item elementor-gallery-item elementor-animated-content\" href=\"https:\/\/villa-serenity-sibenik.com\/wp-content\/uploads\/2025\/09\/pool_mit_meerblick2-min.jpg\" data-elementor-open-lightbox=\"yes\" data-elementor-lightbox-slideshow=\"6c8b15f\" data-elementor-lightbox-title=\"pool_mit_meerblick2-min\" data-e-action-hash=\"#elementor-action%3Aaction%3Dlightbox%26settings%3DeyJpZCI6MTM3MSwidXJsIjoiaHR0cHM6XC9cL3ZpbGxhLXNlcmVuaXR5LXNpYmVuaWsuY29tXC93cC1jb250ZW50XC91cGxvYWRzXC8yMDI1XC8wOVwvcG9vbF9taXRfbWVlcmJsaWNrMi1taW4uanBnIiwic2xpZGVzaG93IjoiNmM4YjE1ZiJ9\">\n\t\t\t\t\t<div class=\"e-gallery-image elementor-gallery-item__image\" data-thumbnail=\"https:\/\/villa-serenity-sibenik.com\/wp-content\/uploads\/2025\/09\/pool_mit_meerblick2-min.jpg\" data-width=\"805\" data-height=\"420\" aria-label=\"\" role=\"img\" ><\/div>\n\t\t\t\t\t\t\t\t\t\t\t<div class=\"elementor-gallery-item__overlay\"><\/div>\n\t\t\t\t\t\t\t\t\t\t\t\t\t\t<\/a>\n\t\t\t\t\t\t\t<a class=\"e-gallery-item elementor-gallery-item elementor-animated-content\" href=\"https:\/\/villa-serenity-sibenik.com\/wp-content\/uploads\/2025\/09\/fruehstueck-terrasse-villa-serenity-min.jpg\" data-elementor-open-lightbox=\"yes\" data-elementor-lightbox-slideshow=\"6c8b15f\" data-elementor-lightbox-title=\"fruehstueck-terrasse-villa-serenity-min\" data-e-action-hash=\"#elementor-action%3Aaction%3Dlightbox%26settings%3DeyJpZCI6MTM2MywidXJsIjoiaHR0cHM6XC9cL3ZpbGxhLXNlcmVuaXR5LXNpYmVuaWsuY29tXC93cC1jb250ZW50XC91cGxvYWRzXC8yMDI1XC8wOVwvZnJ1ZWhzdHVlY2stdGVycmFzc2UtdmlsbGEtc2VyZW5pdHktbWluLmpwZyIsInNsaWRlc2hvdyI6IjZjOGIxNWYifQ%3D%3D\">\n\t\t\t\t\t<div class=\"e-gallery-image elementor-gallery-item__image\" data-thumbnail=\"https:\/\/villa-serenity-sibenik.com\/wp-content\/uploads\/2025\/09\/fruehstueck-terrasse-villa-serenity-min.jpg\" data-width=\"805\" data-height=\"420\" aria-label=\"\" role=\"img\" ><\/div>\n\t\t\t\t\t\t\t\t\t\t\t<div class=\"elementor-gallery-item__overlay\"><\/div>\n\t\t\t\t\t\t\t\t\t\t\t\t\t\t<\/a>\n\t\t\t\t\t<\/div>\n\t\t\t\t\t<\/div>\n\t\t\t\t<\/div>\n\t\t\t\t\t<\/div>\n\t\t\t\t<\/div>\n\t\t<div class=\"elementor-element elementor-element-de9e94b e-flex e-con-boxed e-con e-parent\" data-id=\"de9e94b\" data-element_type=\"container\" data-settings=\"{&quot;background_background&quot;:&quot;classic&quot;}\">\n\t\t\t\t\t<div class=\"e-con-inner\">\n\t\t<div class=\"elementor-element elementor-element-73ca63f e-con-full e-flex e-con e-child\" data-id=\"73ca63f\" data-element_type=\"container\" data-settings=\"{&quot;motion_fx_motion_fx_scrolling&quot;:&quot;yes&quot;,&quot;motion_fx_devices&quot;:[&quot;desktop&quot;,&quot;tablet&quot;],&quot;motion_fx_range&quot;:&quot;viewport&quot;}\">\n\t\t\t\t<div class=\"elementor-element elementor-element-b70d531 elementor-widget elementor-widget-heading\" data-id=\"b70d531\" data-element_type=\"widget\" data-settings=\"{&quot;_animation&quot;:&quot;none&quot;,&quot;_animation_delay&quot;:&quot;200&quot;}\" data-widget_type=\"heading.default\">\n\t\t\t\t\t<h2 class=\"elementor-heading-title elementor-size-default\">Zajedno i <br>ipak za sebe<\/h2>\t\t\t\t<\/div>\n\t\t\t\t<div class=\"elementor-element elementor-element-c795672 elementor-widget elementor-widget-text-editor\" data-id=\"c795672\" data-element_type=\"widget\" data-settings=\"{&quot;_animation&quot;:&quot;none&quot;,&quot;_animation_delay&quot;:&quot;150&quot;}\" data-widget_type=\"text-editor.default\">\n\t\t\t\t\t\t\t\t\t<p>Svatko ima svoje privatno mijesto kada mu je potreban mir i ti\u0161ina. Ali svejedno \u0107ete zajedno do\u017eivjeti najbolje trenutke \u2013 kuhaju\u0107i, uz bazen, u\u017eivaju\u0107i u \u010da\u0161i vina s pogledom na more, opu\u0161taju\u0107i se uz more ili istra\u017euju\u0107i prekrasnu regiju oko ku\u0107e za odmor. Upravo onakav kakav bi odmor trebao biti: opu\u0161ten, dru\u0161tven, a opet s puno prostora za sve.<\/p>\t\t\t\t\t\t\t\t<\/div>\n\t\t\t\t<\/div>\n\t\t\t\t\t<\/div>\n\t\t\t\t<\/div>\n\t\t\t\t<\/div>","protected":false},"excerpt":{"rendered":"<p>260 m\u00b2 za do 10 osoba. Ugodna ku\u0107a za odmor u blizini \u0160ibenika. Vila Serenity nudi tri dnevna boravka na razli\u010ditim katovima \u2013 idealno za odmor vi\u0161e generacija ili grupe obitelji, parova i prijatelja koji zajedno putuju kako bi otkrili Hrvatsku. Tri dnevna boravka: Na katu \u2013 Dva odvojena apartmana. Na katu imate dva ugodna odmori\u0161ta \u2013 svaki sa spava\u0107om sobom, [\u2026]<\/p>","protected":false},"author":1,"featured_media":0,"parent":0,"menu_order":0,"comment_status":"closed","ping_status":"closed","template":"","meta":{"footnotes":""},"class_list":["post-695","page","type-page","status-publish","hentry"],"_links":{"self":[{"href":"https:\/\/villa-serenity-sibenik.com\/hr\/wp-json\/wp\/v2\/pages\/695","targetHints":{"allow":["GET"]}}],"collection":[{"href":"https:\/\/villa-serenity-sibenik.com\/hr\/wp-json\/wp\/v2\/pages"}],"about":[{"href":"https:\/\/villa-serenity-sibenik.com\/hr\/wp-json\/wp\/v2\/types\/page"}],"author":[{"embeddable":true,"href":"https:\/\/villa-serenity-sibenik.com\/hr\/wp-json\/wp\/v2\/users\/1"}],"replies":[{"embeddable":true,"href":"https:\/\/villa-serenity-sibenik.com\/hr\/wp-json\/wp\/v2\/comments?post=695"}],"version-history":[{"count":27,"href":"https:\/\/villa-serenity-sibenik.com\/hr\/wp-json\/wp\/v2\/pages\/695\/revisions"}],"predecessor-version":[{"id":1488,"href":"https:\/\/villa-serenity-sibenik.com\/hr\/wp-json\/wp\/v2\/pages\/695\/revisions\/1488"}],"wp:attachment":[{"href":"https:\/\/villa-serenity-sibenik.com\/hr\/wp-json\/wp\/v2\/media?parent=695"}],"curies":[{"name":"radni list","href":"https:\/\/api.w.org\/{rel}","templated":true}]}}