{"id":281,"date":"2025-09-09T18:55:22","date_gmt":"2025-09-09T18:55:22","guid":{"rendered":"https:\/\/villa-serenity-sibenik.com\/?page_id=281"},"modified":"2025-12-11T20:21:00","modified_gmt":"2025-12-11T20:21:00","slug":"cijene-ponuda","status":"publish","type":"page","link":"https:\/\/villa-serenity-sibenik.com\/hr\/cijene-ponuda\/","title":{"rendered":"Cijene i ponude"},"content":{"rendered":"<div data-elementor-type=\"wp-page\" data-elementor-id=\"281\" class=\"elementor elementor-281\" data-elementor-post-type=\"page\">\n\t\t\t\t<div class=\"elementor-element elementor-element-7397ca20 e-flex e-con-boxed e-con e-parent\" data-id=\"7397ca20\" data-element_type=\"container\" data-settings=\"{&quot;background_background&quot;:&quot;classic&quot;}\">\n\t\t\t\t\t<div class=\"e-con-inner\">\n\t\t<div class=\"elementor-element elementor-element-271624fe e-con-full e-flex e-con e-child\" data-id=\"271624fe\" data-element_type=\"container\">\n\t\t\t\t<div class=\"elementor-element elementor-element-1c48e078 elementor-widget elementor-widget-heading\" data-id=\"1c48e078\" data-element_type=\"widget\" data-settings=\"{&quot;_animation&quot;:&quot;none&quot;,&quot;_animation_delay&quot;:&quot;50&quot;}\" data-widget_type=\"heading.default\">\n\t\t\t\t\t<p class=\"elementor-heading-title elementor-size-default\">Jamstvo najbolje cijene \u2013 izravno od nas<\/p>\t\t\t\t<\/div>\n\t\t\t\t<div class=\"elementor-element elementor-element-169fc93e elementor-widget elementor-widget-heading\" data-id=\"169fc93e\" data-element_type=\"widget\" data-settings=\"{&quot;_animation&quot;:&quot;none&quot;,&quot;_animation_delay&quot;:&quot;200&quot;}\" data-widget_type=\"heading.default\">\n\t\t\t\t\t<h1 class=\"elementor-heading-title elementor-size-default\">Trenutne cijene i dostupnost<\/h1>\t\t\t\t<\/div>\n\t\t<div class=\"elementor-element elementor-element-277a3f13 e-con-full e-flex e-con e-child\" data-id=\"277a3f13\" data-element_type=\"container\">\n\t\t\t\t<div class=\"elementor-element elementor-element-bae4533 elementor-widget elementor-widget-text-editor\" data-id=\"bae4533\" data-element_type=\"widget\" data-settings=\"{&quot;_animation&quot;:&quot;none&quot;,&quot;_animation_delay&quot;:&quot;150&quot;}\" data-widget_type=\"text-editor.default\">\n\t\t\t\t\t\t\t\t\t<p>Volite li jednostavnost? I mi! Rezervacija kod nas je jednostavna putem WhatsAppa. Za bolji pregled, uklju\u010dili smo i kalendar raspolo\u017eivosti s izra\u010dunom cijene. Odaberite \u017eeljene datume i odmah pogledajte dostupne termine s to\u010dnim cijenama.<\/p>\n<p><em><strong>\u017deljeni datumi nisu dostupni?<\/strong><\/em> U svakom slu\u010daju, pi\u0161ite nam \u2013 ponekad imamo kratkoro\u010dnu dostupnost ili zajedno mo\u017eemo prona\u0107i odgovaraju\u0107u alternativu.<\/p>\t\t\t\t\t\t\t\t<\/div>\n\t\t\t\t<\/div>\n\t\t\t\t<\/div>\n\t\t\t\t\t<\/div>\n\t\t\t\t<\/div>\n\t\t<div class=\"elementor-element elementor-element-7567544e e-flex e-con-boxed e-con e-parent\" data-id=\"7567544e\" data-element_type=\"container\" data-settings=\"{&quot;background_background&quot;:&quot;classic&quot;}\">\n\t\t\t\t\t<div class=\"e-con-inner\">\n\t\t<div class=\"elementor-element elementor-element-7d8a5877 e-con-full e-flex e-con e-child\" data-id=\"7d8a5877\" data-element_type=\"container\">\n\t\t\t\t<div class=\"elementor-element elementor-element-dc315e0 elementor-widget elementor-widget-heading\" data-id=\"dc315e0\" data-element_type=\"widget\" data-settings=\"{&quot;_animation&quot;:&quot;none&quot;,&quot;_animation_delay&quot;:&quot;200&quot;}\" data-widget_type=\"heading.default\">\n\t\t\t\t\t<h2 class=\"elementor-heading-title elementor-size-default\">Ovako funkcionira va\u0161a ponuda<\/h2>\t\t\t\t<\/div>\n\t\t\t\t<div class=\"elementor-element elementor-element-7af490a ekit-template-ajax--yes elementor-widget elementor-widget-elementskit-advanced-toggle\" data-id=\"7af490a\" data-element_type=\"widget\" data-widget_type=\"elementskit-advanced-toggle.default\">\n\t\t\t\t<div class=\"elementor-widget-container\">\n\t\t\t\t\t<div class=\"ekit-wid-con\" ><div class=\"elementkit-toggle-tab-wraper\">\n    <div class=\"elemenetskit-toogle-controls-wraper-outer\">\n        <div class=\"elemenetskit-toogle-controls-wraper\">\n            <div class=\"elemenetskit-toggle-indicator\"><\/div>\n            <ul class=\"nav nav-tabs elementkit-tab-nav\">\n                                    <li data-elementor_current_item=\"elementor-repeater-item-a45f566\" class=\"elementor-repeater-item-a45f566\">\n                        <a class=\"elementskit-toggle-nav-link  active\" id=\"content-a45f56669e1668f61aea-tab\" data-ekit-toggle=\"tab\" href=\"#content-a45f56669e1668f61aea\"\n                        aria-describedby=\"content-a45f56669e1668f61aea\" data-indicator-color=\"\">\n                                                            <span class=\"elementskit-tab-title\">WhatsApp<\/span>\n                                                    <\/a>\n                    <\/li>\n                                    <li data-elementor_current_item=\"elementor-repeater-item-78cea34\" class=\"elementor-repeater-item-78cea34\">\n                        <a class=\"elementskit-toggle-nav-link\" id=\"content-78cea3469e1668f61aea-tab\" data-ekit-toggle=\"tab\" href=\"#content-78cea3469e1668f61aea\"\n                        aria-describedby=\"content-78cea3469e1668f61aea\" data-indicator-color=\"\">\n                                                            <span class=\"elementskit-tab-title\">Kalendar<\/span>\n                                                    <\/a>\n                    <\/li>\n                            <\/ul>\n        <\/div>\n    <\/div>\n    <div class=\"tab-content elementkit-toggle-tab-content\">\n                    <div \n            class=\"tab-pane elementkit-toggle-tab-pane elementor-repeater-item-a45f566  active show\" \n            id=\"content-a45f56669e1668f61aea\" \n            role=\"tabpanel\"\n            aria-labelledby=\"content-a45f56669e1668f61aea-tab\">\n                <div class=\"animated fadeIn\">\n                    \n\t\t<div class=\"widgetarea_warper widgetarea_warper_editable\" data-elementskit-widgetarea-key=\"7af490a\"  data-elementskit-widgetarea-index=\"a45f566\">\n\t\t\t<div class=\"widgetarea_warper_edit\" data-elementskit-widgetarea-key=\"7af490a\" data-elementskit-widgetarea-index=\"a45f566\">\n\t\t\t\t<i class=\"eicon-edit\" aria-hidden=\"true\"><\/i>\n\t\t\t\t<span>Edit Content<\/span>\n\t\t\t<\/div>\n\n\t\t\t<div class=\"ekit-widget-area-container\" data-ajax-post-id=\"485\"><\/div>\t\t<\/div>\n\t\t                <\/div>\n            <\/div>\n                    <div \n            class=\"tab-pane elementkit-toggle-tab-pane elementor-repeater-item-78cea34\" \n            id=\"content-78cea3469e1668f61aea\" \n            role=\"tabpanel\"\n            aria-labelledby=\"content-78cea3469e1668f61aea-tab\">\n                <div class=\"animated fadeIn\">\n                    \n\t\t<div class=\"widgetarea_warper widgetarea_warper_editable\" data-elementskit-widgetarea-key=\"7af490a\"  data-elementskit-widgetarea-index=\"78cea34\">\n\t\t\t<div class=\"widgetarea_warper_edit\" data-elementskit-widgetarea-key=\"7af490a\" data-elementskit-widgetarea-index=\"78cea34\">\n\t\t\t\t<i class=\"eicon-edit\" aria-hidden=\"true\"><\/i>\n\t\t\t\t<span>Edit Content<\/span>\n\t\t\t<\/div>\n\n\t\t\t<div class=\"ekit-widget-area-container\" data-ajax-post-id=\"496\"><\/div>\t\t<\/div>\n\t\t                <\/div>\n            <\/div>\n            <\/div>\n<\/div><\/div>\t\t\t\t<\/div>\n\t\t\t\t<\/div>\n\t\t\t\t<\/div>\n\t\t\t\t\t<\/div>\n\t\t\t\t<\/div>\n\t\t<div class=\"elementor-element elementor-element-69d04a85 e-flex e-con-boxed e-con e-parent\" data-id=\"69d04a85\" data-element_type=\"container\" data-settings=\"{&quot;background_background&quot;:&quot;classic&quot;}\">\n\t\t\t\t\t<div class=\"e-con-inner\">\n\t\t<div class=\"elementor-element elementor-element-4a495c89 e-con-full e-flex e-con e-child\" data-id=\"4a495c89\" data-element_type=\"container\" data-settings=\"{&quot;motion_fx_motion_fx_scrolling&quot;:&quot;yes&quot;,&quot;motion_fx_devices&quot;:[&quot;desktop&quot;,&quot;tablet&quot;],&quot;motion_fx_range&quot;:&quot;viewport&quot;}\">\n\t\t<div class=\"elementor-element elementor-element-3f583db7 e-con-full e-flex e-con e-child\" data-id=\"3f583db7\" data-element_type=\"container\">\n\t\t\t\t<div class=\"elementor-element elementor-element-1ef3c612 elementor-widget elementor-widget-heading\" data-id=\"1ef3c612\" data-element_type=\"widget\" data-settings=\"{&quot;_animation&quot;:&quot;none&quot;,&quot;_animation_delay&quot;:&quot;200&quot;}\" data-widget_type=\"heading.default\">\n\t\t\t\t\t<h2 class=\"elementor-heading-title elementor-size-default\">\u0160to je uklju\u010deno u osnovnu cijenu?<\/h2>\t\t\t\t<\/div>\n\t\t\t\t<div class=\"elementor-element elementor-element-a00fbb8 elementor-widget elementor-widget-text-editor\" data-id=\"a00fbb8\" data-element_type=\"widget\" data-settings=\"{&quot;_animation&quot;:&quot;none&quot;,&quot;_animation_delay&quot;:&quot;150&quot;}\" data-widget_type=\"text-editor.default\">\n\t\t\t\t\t\t\t\t\t<p>Potpuno opremljena ku\u0107a za odmor do 10 osoba (260m\u00b2)<\/p><p>Privatni, grijani bazen s le\u017ealjkama<\/p><p>Parkiranje direktno kod ku\u0107e<\/p><p>Ekskluzivni digitalna mapa za goste s insajderskim savjetima, regionalnim atrakcijama, preporukama restorana, najboljim pla\u017eama, vinarijama i jo\u0161 mnogo toga\u2026<\/p><p>Wi-Fi u cijeloj ku\u0107i<\/p><p>Posteljina, ru\u010dnici i ru\u010dnici za pla\u017eu za sve goste<\/p><p>Struja, voda, naknade za sme\u0107e<\/p><p>Zavr\u0161no \u010di\u0161\u0107enje<\/p><p>Turisti\u010dka pristojba<\/p>\t\t\t\t\t\t\t\t<\/div>\n\t\t\t\t<\/div>\n\t\t\t\t<\/div>\n\t\t\t\t\t<\/div>\n\t\t\t\t<\/div>\n\t\t<div class=\"elementor-element elementor-element-2b18e48 e-flex e-con-boxed e-con e-parent\" data-id=\"2b18e48\" data-element_type=\"container\" data-settings=\"{&quot;background_background&quot;:&quot;classic&quot;}\">\n\t\t\t\t\t<div class=\"e-con-inner\">\n\t\t<div class=\"elementor-element elementor-element-93dd343 e-con-full e-flex e-con e-child\" data-id=\"93dd343\" data-element_type=\"container\" data-settings=\"{&quot;motion_fx_motion_fx_scrolling&quot;:&quot;yes&quot;,&quot;motion_fx_devices&quot;:[&quot;desktop&quot;,&quot;tablet&quot;],&quot;motion_fx_range&quot;:&quot;viewport&quot;}\">\n\t\t<div class=\"elementor-element elementor-element-a67d8c3 e-con-full e-flex e-con e-child\" data-id=\"a67d8c3\" data-element_type=\"container\">\n\t\t\t\t<div class=\"elementor-element elementor-element-4a126ef elementor-widget elementor-widget-heading\" data-id=\"4a126ef\" data-element_type=\"widget\" data-settings=\"{&quot;_animation&quot;:&quot;none&quot;,&quot;_animation_delay&quot;:&quot;200&quot;}\" data-widget_type=\"heading.default\">\n\t\t\t\t\t<h2 class=\"elementor-heading-title elementor-size-default\">Minimalni boravak<\/h2>\t\t\t\t<\/div>\n\t\t\t\t<div class=\"elementor-element elementor-element-b7677e0 elementor-widget elementor-widget-text-editor\" data-id=\"b7677e0\" data-element_type=\"widget\" data-settings=\"{&quot;_animation&quot;:&quot;none&quot;,&quot;_animation_delay&quot;:&quot;150&quot;}\" data-widget_type=\"text-editor.default\">\n\t\t\t\t\t\t\t\t\t<p><strong>Razdoblje:<\/strong> 30.04. \u2013 14.06.<br \/><strong>Minimalni boravak:<\/strong> 5 no\u0107i<br \/><strong>Dolazak i odlazak<\/strong>Subota, nedjelja, \u010detvrtak<br \/><em>*Ostali dani dolaska i odlaska mogu\u0107i su ovisno o raspolo\u017eivosti.<\/em><\/p><p><strong>Razdoblje:<\/strong> 15. lipnja \u2013 15. rujna.<br \/><strong>Minimalni boravak:<\/strong> 7 no\u0107i<br \/><strong>Dolazak i odlazak<\/strong>Subota, nedjelja, \u010detvrtak<br \/><em>*Ostali dani dolaska i odlaska mogu\u0107i su ovisno o raspolo\u017eivosti.<\/em><\/p><p><strong>Razdoblje:<\/strong> 16.09. \u2013 15.11.<br \/><strong>Minimalni boravak:<\/strong> 5 no\u0107i<br \/><strong>Dolazak i odlazak<\/strong>Subota, nedjelja, \u010detvrtak<br \/><em>*Ostali dani dolaska i odlaska mogu\u0107i su ovisno o raspolo\u017eivosti.<\/em><\/p><p><strong>Razdoblje:<\/strong> 16.11. \u2013 29.04. <br \/>(Osim Nove godine i Uskrsa)<br \/><strong>Minimalni boravak:<\/strong> 3 no\u0107i<br \/><strong>Dolazak i odlazak<\/strong>Subota, nedjelja, \u010detvrtak<br \/><em>*Ostali dani dolaska i odlaska mogu\u0107i su ovisno o raspolo\u017eivosti.<\/em><\/p>\t\t\t\t\t\t\t\t<\/div>\n\t\t\t\t<\/div>\n\t\t\t\t<\/div>\n\t\t\t\t\t<\/div>\n\t\t\t\t<\/div>\n\t\t\t\t<\/div>","protected":false},"excerpt":{"rendered":"<p>Bestpreisgarantie \u2013 direkt bei uns Aktuelle Preise &amp; Verf\u00fcgbarkeit Ihr liebt es unkompliziert? Wir auch! Bei uns l\u00e4uft die Buchung ganz einfach \u00fcber WhatsApp. F\u00fcr bessere \u00dcbersicht haben wir aber einen Verf\u00fcgbarkeitskalender mit Preisberechnung eingebaut. W\u00e4hlt euren Wunschzeitraum und seht sofort verf\u00fcgbare Termine mit exakten Preisen. Euer Wunschzeitraum ist nicht verf\u00fcgbar? Schreibt uns trotzdem &#8211; [&hellip;]<\/p>","protected":false},"author":1,"featured_media":0,"parent":0,"menu_order":0,"comment_status":"closed","ping_status":"closed","template":"","meta":{"footnotes":""},"class_list":["post-281","page","type-page","status-publish","hentry"],"_links":{"self":[{"href":"https:\/\/villa-serenity-sibenik.com\/hr\/wp-json\/wp\/v2\/pages\/281","targetHints":{"allow":["GET"]}}],"collection":[{"href":"https:\/\/villa-serenity-sibenik.com\/hr\/wp-json\/wp\/v2\/pages"}],"about":[{"href":"https:\/\/villa-serenity-sibenik.com\/hr\/wp-json\/wp\/v2\/types\/page"}],"author":[{"embeddable":true,"href":"https:\/\/villa-serenity-sibenik.com\/hr\/wp-json\/wp\/v2\/users\/1"}],"replies":[{"embeddable":true,"href":"https:\/\/villa-serenity-sibenik.com\/hr\/wp-json\/wp\/v2\/comments?post=281"}],"version-history":[{"count":12,"href":"https:\/\/villa-serenity-sibenik.com\/hr\/wp-json\/wp\/v2\/pages\/281\/revisions"}],"predecessor-version":[{"id":1509,"href":"https:\/\/villa-serenity-sibenik.com\/hr\/wp-json\/wp\/v2\/pages\/281\/revisions\/1509"}],"wp:attachment":[{"href":"https:\/\/villa-serenity-sibenik.com\/hr\/wp-json\/wp\/v2\/media?parent=281"}],"curies":[{"name":"radni list","href":"https:\/\/api.w.org\/{rel}","templated":true}]}}