{"id":695,"date":"2025-09-13T07:46:41","date_gmt":"2025-09-13T07:46:41","guid":{"rendered":"https:\/\/villa-serenity-sibenik.com\/?page_id=695"},"modified":"2025-12-11T19:39:17","modified_gmt":"2025-12-11T19:39:17","slug":"vacation-home","status":"publish","type":"page","link":"https:\/\/villa-serenity-sibenik.com\/en\/vacation-home\/","title":{"rendered":"Vacation home"},"content":{"rendered":"<div data-elementor-type=\"wp-page\" data-elementor-id=\"695\" class=\"elementor elementor-695\" data-elementor-post-type=\"page\">\n\t\t\t\t<div class=\"elementor-element elementor-element-0b84bc2 e-flex e-con-boxed e-con e-parent\" data-id=\"0b84bc2\" data-element_type=\"container\" data-settings=\"{&quot;background_background&quot;:&quot;classic&quot;}\">\n\t\t\t\t\t<div class=\"e-con-inner\">\n\t\t<div class=\"elementor-element elementor-element-518f2bf e-con-full e-flex e-con e-child\" data-id=\"518f2bf\" data-element_type=\"container\">\n\t\t\t\t<div class=\"elementor-element elementor-element-2e0958e elementor-widget elementor-widget-heading\" data-id=\"2e0958e\" data-element_type=\"widget\" data-settings=\"{&quot;_animation&quot;:&quot;none&quot;,&quot;_animation_delay&quot;:&quot;50&quot;}\" data-widget_type=\"heading.default\">\n\t\t\t\t\t<p class=\"elementor-heading-title elementor-size-default\">260m\u00b2 for up to 10 people<\/p>\t\t\t\t<\/div>\n\t\t\t\t<div class=\"elementor-element elementor-element-48c24c6 elementor-widget elementor-widget-heading\" data-id=\"48c24c6\" data-element_type=\"widget\" data-settings=\"{&quot;_animation&quot;:&quot;none&quot;,&quot;_animation_delay&quot;:&quot;200&quot;}\" data-widget_type=\"heading.default\">\n\t\t\t\t\t<h1 class=\"elementor-heading-title elementor-size-default\">Cozy vacation home in \u0160ibenik<\/h1>\t\t\t\t<\/div>\n\t\t\t\t<div class=\"elementor-element elementor-element-1720b4d elementor-widget elementor-widget-text-editor\" data-id=\"1720b4d\" data-element_type=\"widget\" data-settings=\"{&quot;_animation&quot;:&quot;none&quot;,&quot;_animation_delay&quot;:&quot;150&quot;}\" data-widget_type=\"text-editor.default\">\n\t\t\t\t\t\t\t\t\t<p>Villa Serenity offers you three living areas on different levels - ideal for multi-generational vacations or families, couples and friends who want to travel and discover Croatia together.<\/p>\t\t\t\t\t\t\t\t<\/div>\n\t\t\t\t<\/div>\n\t\t\t\t\t<\/div>\n\t\t\t\t<\/div>\n\t\t<div class=\"elementor-element elementor-element-368d5fb e-flex e-con-boxed e-con e-parent\" data-id=\"368d5fb\" data-element_type=\"container\" data-settings=\"{&quot;background_background&quot;:&quot;classic&quot;}\">\n\t\t\t\t\t<div class=\"e-con-inner\">\n\t\t<div class=\"elementor-element elementor-element-6726aa8 e-con-full e-flex e-con e-child\" data-id=\"6726aa8\" data-element_type=\"container\" data-settings=\"{&quot;motion_fx_motion_fx_scrolling&quot;:&quot;yes&quot;,&quot;motion_fx_devices&quot;:[&quot;desktop&quot;,&quot;tablet&quot;],&quot;motion_fx_range&quot;:&quot;viewport&quot;}\">\n\t\t\t\t<div class=\"elementor-element elementor-element-ee1c311 elementor-widget elementor-widget-heading\" data-id=\"ee1c311\" data-element_type=\"widget\" data-settings=\"{&quot;_animation&quot;:&quot;none&quot;,&quot;_animation_delay&quot;:&quot;200&quot;}\" data-widget_type=\"heading.default\">\n\t\t\t\t\t<h2 class=\"elementor-heading-title elementor-size-default\">The three living areas<\/h2>\t\t\t\t<\/div>\n\t\t\t\t<div class=\"elementor-element elementor-element-f341ecf elementor-widget elementor-widget-heading\" data-id=\"f341ecf\" data-element_type=\"widget\" data-settings=\"{&quot;_animation&quot;:&quot;none&quot;,&quot;_animation_delay&quot;:&quot;200&quot;}\" data-widget_type=\"heading.default\">\n\t\t\t\t\t<h3 class=\"elementor-heading-title elementor-size-default\">First floor - Two separate apartments<\/h3>\t\t\t\t<\/div>\n\t\t\t\t<div class=\"elementor-element elementor-element-c5a033b elementor-widget elementor-widget-text-editor\" data-id=\"c5a033b\" data-element_type=\"widget\" data-settings=\"{&quot;_animation&quot;:&quot;none&quot;,&quot;_animation_delay&quot;:&quot;150&quot;}\" data-widget_type=\"text-editor.default\">\n\t\t\t\t\t\t\t\t\t<p>Upstairs you have two cozy apartments - each with a bedroom, a private bathroom, a small kitchen and a balcony overlooking the sea. In the morning, you can drink your coffee here in peace while everyone downstairs is perhaps still asleep.<\/p>\t\t\t\t\t\t\t\t<\/div>\n\t\t\t\t<div class=\"elementor-element elementor-element-204f0d3 elementor-widget elementor-widget-gallery\" data-id=\"204f0d3\" data-element_type=\"widget\" data-settings=\"{&quot;columns&quot;:2,&quot;aspect_ratio&quot;:&quot;4:3&quot;,&quot;lazyload&quot;:&quot;yes&quot;,&quot;gallery_layout&quot;:&quot;grid&quot;,&quot;columns_tablet&quot;:2,&quot;columns_mobile&quot;:1,&quot;gap&quot;:{&quot;unit&quot;:&quot;px&quot;,&quot;size&quot;:10,&quot;sizes&quot;:[]},&quot;gap_tablet&quot;:{&quot;unit&quot;:&quot;px&quot;,&quot;size&quot;:10,&quot;sizes&quot;:[]},&quot;gap_mobile&quot;:{&quot;unit&quot;:&quot;px&quot;,&quot;size&quot;:10,&quot;sizes&quot;:[]},&quot;link_to&quot;:&quot;file&quot;,&quot;overlay_background&quot;:&quot;yes&quot;,&quot;content_hover_animation&quot;:&quot;fade-in&quot;}\" data-widget_type=\"gallery.default\">\n\t\t\t\t\t\t\t<div class=\"elementor-gallery__container\">\n\t\t\t\t\t\t\t<a class=\"e-gallery-item elementor-gallery-item elementor-animated-content\" href=\"https:\/\/villa-serenity-sibenik.com\/wp-content\/uploads\/2025\/12\/villa-serenity-wohnzimmer-oben-links-min.jpg\" data-elementor-open-lightbox=\"yes\" data-elementor-lightbox-slideshow=\"204f0d3\" data-elementor-lightbox-title=\"villa-serenity-wohnzimmer-oben-links-min\" data-e-action-hash=\"#elementor-action%3Aaction%3Dlightbox%26settings%3DeyJpZCI6MTQzNSwidXJsIjoiaHR0cHM6XC9cL3ZpbGxhLXNlcmVuaXR5LXNpYmVuaWsuY29tXC93cC1jb250ZW50XC91cGxvYWRzXC8yMDI1XC8xMlwvdmlsbGEtc2VyZW5pdHktd29obnppbW1lci1vYmVuLWxpbmtzLW1pbi5qcGciLCJzbGlkZXNob3ciOiIyMDRmMGQzIn0%3D\">\n\t\t\t\t\t<div class=\"e-gallery-image elementor-gallery-item__image\" data-thumbnail=\"https:\/\/villa-serenity-sibenik.com\/wp-content\/uploads\/2025\/12\/villa-serenity-wohnzimmer-oben-links-min.jpg\" data-width=\"805\" data-height=\"420\" aria-label=\"\" role=\"img\" ><\/div>\n\t\t\t\t\t\t\t\t\t\t\t<div class=\"elementor-gallery-item__overlay\"><\/div>\n\t\t\t\t\t\t\t\t\t\t\t\t\t\t<\/a>\n\t\t\t\t\t\t\t<a class=\"e-gallery-item elementor-gallery-item elementor-animated-content\" href=\"https:\/\/villa-serenity-sibenik.com\/wp-content\/uploads\/2025\/09\/villa_serenity_badezimmer2-min.jpg\" data-elementor-open-lightbox=\"yes\" data-elementor-lightbox-slideshow=\"204f0d3\" data-elementor-lightbox-title=\"villa_serenity_badezimmer2-min\" data-e-action-hash=\"#elementor-action%3Aaction%3Dlightbox%26settings%3DeyJpZCI6MTM3MiwidXJsIjoiaHR0cHM6XC9cL3ZpbGxhLXNlcmVuaXR5LXNpYmVuaWsuY29tXC93cC1jb250ZW50XC91cGxvYWRzXC8yMDI1XC8wOVwvdmlsbGFfc2VyZW5pdHlfYmFkZXppbW1lcjItbWluLmpwZyIsInNsaWRlc2hvdyI6IjIwNGYwZDMifQ%3D%3D\">\n\t\t\t\t\t<div class=\"e-gallery-image elementor-gallery-item__image\" data-thumbnail=\"https:\/\/villa-serenity-sibenik.com\/wp-content\/uploads\/2025\/09\/villa_serenity_badezimmer2-min.jpg\" data-width=\"805\" data-height=\"420\" aria-label=\"\" role=\"img\" ><\/div>\n\t\t\t\t\t\t\t\t\t\t\t<div class=\"elementor-gallery-item__overlay\"><\/div>\n\t\t\t\t\t\t\t\t\t\t\t\t\t\t<\/a>\n\t\t\t\t\t\t\t<a class=\"e-gallery-item elementor-gallery-item elementor-animated-content\" href=\"https:\/\/villa-serenity-sibenik.com\/wp-content\/uploads\/2025\/09\/balkon-villa-serenity-min.jpg\" data-elementor-open-lightbox=\"yes\" data-elementor-lightbox-slideshow=\"204f0d3\" data-elementor-lightbox-title=\"balkon-villa-serenity-min\" data-e-action-hash=\"#elementor-action%3Aaction%3Dlightbox%26settings%3DeyJpZCI6MTM3MCwidXJsIjoiaHR0cHM6XC9cL3ZpbGxhLXNlcmVuaXR5LXNpYmVuaWsuY29tXC93cC1jb250ZW50XC91cGxvYWRzXC8yMDI1XC8wOVwvYmFsa29uLXZpbGxhLXNlcmVuaXR5LW1pbi5qcGciLCJzbGlkZXNob3ciOiIyMDRmMGQzIn0%3D\">\n\t\t\t\t\t<div class=\"e-gallery-image elementor-gallery-item__image\" data-thumbnail=\"https:\/\/villa-serenity-sibenik.com\/wp-content\/uploads\/2025\/09\/balkon-villa-serenity-min.jpg\" data-width=\"805\" data-height=\"420\" aria-label=\"\" role=\"img\" ><\/div>\n\t\t\t\t\t\t\t\t\t\t\t<div class=\"elementor-gallery-item__overlay\"><\/div>\n\t\t\t\t\t\t\t\t\t\t\t\t\t\t<\/a>\n\t\t\t\t\t<\/div>\n\t\t\t\t\t<\/div>\n\t\t\t\t<div class=\"elementor-element elementor-element-1820d05 elementor-widget elementor-widget-heading\" data-id=\"1820d05\" data-element_type=\"widget\" data-settings=\"{&quot;_animation&quot;:&quot;none&quot;,&quot;_animation_delay&quot;:&quot;200&quot;}\" data-widget_type=\"heading.default\">\n\t\t\t\t\t<h3 class=\"elementor-heading-title elementor-size-default\">Ground floor - The main apartment<\/h3>\t\t\t\t<\/div>\n\t\t\t\t<div class=\"elementor-element elementor-element-4162a93 elementor-widget elementor-widget-text-editor\" data-id=\"4162a93\" data-element_type=\"widget\" data-settings=\"{&quot;_animation&quot;:&quot;none&quot;,&quot;_animation_delay&quot;:&quot;150&quot;}\" data-widget_type=\"text-editor.default\">\n\t\t\t\t\t\t\t\t\t<p>In addition to 2 further bedrooms, there is definitely room for everyone here: a large kitchen where you can cook together, a living room with a cozy sofa and a TV for relaxing evenings. From here you also have direct access to the sun terrace.<\/p>\t\t\t\t\t\t\t\t<\/div>\n\t\t\t\t<div class=\"elementor-element elementor-element-ea890f7 elementor-widget elementor-widget-gallery\" data-id=\"ea890f7\" data-element_type=\"widget\" data-settings=\"{&quot;columns&quot;:2,&quot;aspect_ratio&quot;:&quot;4:3&quot;,&quot;lazyload&quot;:&quot;yes&quot;,&quot;gallery_layout&quot;:&quot;grid&quot;,&quot;columns_tablet&quot;:2,&quot;columns_mobile&quot;:1,&quot;gap&quot;:{&quot;unit&quot;:&quot;px&quot;,&quot;size&quot;:10,&quot;sizes&quot;:[]},&quot;gap_tablet&quot;:{&quot;unit&quot;:&quot;px&quot;,&quot;size&quot;:10,&quot;sizes&quot;:[]},&quot;gap_mobile&quot;:{&quot;unit&quot;:&quot;px&quot;,&quot;size&quot;:10,&quot;sizes&quot;:[]},&quot;link_to&quot;:&quot;file&quot;,&quot;overlay_background&quot;:&quot;yes&quot;,&quot;content_hover_animation&quot;:&quot;fade-in&quot;}\" data-widget_type=\"gallery.default\">\n\t\t\t\t\t\t\t<div class=\"elementor-gallery__container\">\n\t\t\t\t\t\t\t<a class=\"e-gallery-item elementor-gallery-item elementor-animated-content\" href=\"https:\/\/villa-serenity-sibenik.com\/wp-content\/uploads\/2025\/09\/villa_serenity_schlafzimmer2-min.jpg\" data-elementor-open-lightbox=\"yes\" data-elementor-lightbox-slideshow=\"ea890f7\" data-elementor-lightbox-title=\"villa_serenity_schlafzimmer2-min\" data-e-action-hash=\"#elementor-action%3Aaction%3Dlightbox%26settings%3DeyJpZCI6MTM2NSwidXJsIjoiaHR0cHM6XC9cL3ZpbGxhLXNlcmVuaXR5LXNpYmVuaWsuY29tXC93cC1jb250ZW50XC91cGxvYWRzXC8yMDI1XC8wOVwvdmlsbGFfc2VyZW5pdHlfc2NobGFmemltbWVyMi1taW4uanBnIiwic2xpZGVzaG93IjoiZWE4OTBmNyJ9\">\n\t\t\t\t\t<div class=\"e-gallery-image elementor-gallery-item__image\" data-thumbnail=\"https:\/\/villa-serenity-sibenik.com\/wp-content\/uploads\/2025\/09\/villa_serenity_schlafzimmer2-min.jpg\" data-width=\"805\" data-height=\"420\" aria-label=\"\" role=\"img\" ><\/div>\n\t\t\t\t\t\t\t\t\t\t\t<div class=\"elementor-gallery-item__overlay\"><\/div>\n\t\t\t\t\t\t\t\t\t\t\t\t\t\t<\/a>\n\t\t\t\t\t\t\t<a class=\"e-gallery-item elementor-gallery-item elementor-animated-content\" href=\"https:\/\/villa-serenity-sibenik.com\/wp-content\/uploads\/2025\/09\/villa-serenity-wohnzimmer-grosse-wohnung-min.jpg\" data-elementor-open-lightbox=\"yes\" data-elementor-lightbox-slideshow=\"ea890f7\" data-elementor-lightbox-title=\"villa-serenity-wohnzimmer-grosse-wohnung-min\" data-e-action-hash=\"#elementor-action%3Aaction%3Dlightbox%26settings%3DeyJpZCI6MTM2NCwidXJsIjoiaHR0cHM6XC9cL3ZpbGxhLXNlcmVuaXR5LXNpYmVuaWsuY29tXC93cC1jb250ZW50XC91cGxvYWRzXC8yMDI1XC8wOVwvdmlsbGEtc2VyZW5pdHktd29obnppbW1lci1ncm9zc2Utd29obnVuZy1taW4uanBnIiwic2xpZGVzaG93IjoiZWE4OTBmNyJ9\">\n\t\t\t\t\t<div class=\"e-gallery-image elementor-gallery-item__image\" data-thumbnail=\"https:\/\/villa-serenity-sibenik.com\/wp-content\/uploads\/2025\/09\/villa-serenity-wohnzimmer-grosse-wohnung-min.jpg\" data-width=\"805\" data-height=\"420\" aria-label=\"\" role=\"img\" ><\/div>\n\t\t\t\t\t\t\t\t\t\t\t<div class=\"elementor-gallery-item__overlay\"><\/div>\n\t\t\t\t\t\t\t\t\t\t\t\t\t\t<\/a>\n\t\t\t\t\t<\/div>\n\t\t\t\t\t<\/div>\n\t\t\t\t<\/div>\n\t\t\t\t\t<\/div>\n\t\t\t\t<\/div>\n\t\t<div class=\"elementor-element elementor-element-3330667 e-flex e-con-boxed e-con e-parent\" data-id=\"3330667\" data-element_type=\"container\" data-settings=\"{&quot;background_background&quot;:&quot;classic&quot;}\">\n\t\t\t\t\t<div class=\"e-con-inner\">\n\t\t<div class=\"elementor-element elementor-element-4f84a93 e-con-full e-flex e-con e-child\" data-id=\"4f84a93\" data-element_type=\"container\" data-settings=\"{&quot;motion_fx_motion_fx_scrolling&quot;:&quot;yes&quot;,&quot;motion_fx_devices&quot;:[&quot;desktop&quot;,&quot;tablet&quot;],&quot;motion_fx_range&quot;:&quot;viewport&quot;}\">\n\t\t\t\t<div class=\"elementor-element elementor-element-e4c2de8 elementor-widget elementor-widget-heading\" data-id=\"e4c2de8\" data-element_type=\"widget\" data-settings=\"{&quot;_animation&quot;:&quot;none&quot;,&quot;_animation_delay&quot;:&quot;200&quot;}\" data-widget_type=\"heading.default\">\n\t\t\t\t\t<h2 class=\"elementor-heading-title elementor-size-default\">Outside is your second living room<\/h2>\t\t\t\t<\/div>\n\t\t\t\t<div class=\"elementor-element elementor-element-5d012bb elementor-widget elementor-widget-text-editor\" data-id=\"5d012bb\" data-element_type=\"widget\" data-settings=\"{&quot;_animation&quot;:&quot;none&quot;,&quot;_animation_delay&quot;:&quot;150&quot;}\" data-widget_type=\"text-editor.default\">\n\t\t\t\t\t\t\t\t\t<p>Life in Dalmatia mainly takes place outside. The sun terrace with heated pool will quickly become your favorite spot. Here you can chill out, barbecue, just be together and enjoy the panoramic view or the beautiful sunsets.<\/p>\t\t\t\t\t\t\t\t<\/div>\n\t\t\t\t<div class=\"elementor-element elementor-element-6c8b15f elementor-widget elementor-widget-gallery\" data-id=\"6c8b15f\" data-element_type=\"widget\" data-settings=\"{&quot;columns&quot;:2,&quot;aspect_ratio&quot;:&quot;4:3&quot;,&quot;lazyload&quot;:&quot;yes&quot;,&quot;gallery_layout&quot;:&quot;grid&quot;,&quot;columns_tablet&quot;:2,&quot;columns_mobile&quot;:1,&quot;gap&quot;:{&quot;unit&quot;:&quot;px&quot;,&quot;size&quot;:10,&quot;sizes&quot;:[]},&quot;gap_tablet&quot;:{&quot;unit&quot;:&quot;px&quot;,&quot;size&quot;:10,&quot;sizes&quot;:[]},&quot;gap_mobile&quot;:{&quot;unit&quot;:&quot;px&quot;,&quot;size&quot;:10,&quot;sizes&quot;:[]},&quot;link_to&quot;:&quot;file&quot;,&quot;overlay_background&quot;:&quot;yes&quot;,&quot;content_hover_animation&quot;:&quot;fade-in&quot;}\" data-widget_type=\"gallery.default\">\n\t\t\t\t\t\t\t<div class=\"elementor-gallery__container\">\n\t\t\t\t\t\t\t<a class=\"e-gallery-item elementor-gallery-item elementor-animated-content\" href=\"https:\/\/villa-serenity-sibenik.com\/wp-content\/uploads\/2025\/09\/pool_mit_meerblick2-min.jpg\" data-elementor-open-lightbox=\"yes\" data-elementor-lightbox-slideshow=\"6c8b15f\" data-elementor-lightbox-title=\"pool_mit_meerblick2-min\" data-e-action-hash=\"#elementor-action%3Aaction%3Dlightbox%26settings%3DeyJpZCI6MTM3MSwidXJsIjoiaHR0cHM6XC9cL3ZpbGxhLXNlcmVuaXR5LXNpYmVuaWsuY29tXC93cC1jb250ZW50XC91cGxvYWRzXC8yMDI1XC8wOVwvcG9vbF9taXRfbWVlcmJsaWNrMi1taW4uanBnIiwic2xpZGVzaG93IjoiNmM4YjE1ZiJ9\">\n\t\t\t\t\t<div class=\"e-gallery-image elementor-gallery-item__image\" data-thumbnail=\"https:\/\/villa-serenity-sibenik.com\/wp-content\/uploads\/2025\/09\/pool_mit_meerblick2-min.jpg\" data-width=\"805\" data-height=\"420\" aria-label=\"\" role=\"img\" ><\/div>\n\t\t\t\t\t\t\t\t\t\t\t<div class=\"elementor-gallery-item__overlay\"><\/div>\n\t\t\t\t\t\t\t\t\t\t\t\t\t\t<\/a>\n\t\t\t\t\t\t\t<a class=\"e-gallery-item elementor-gallery-item elementor-animated-content\" href=\"https:\/\/villa-serenity-sibenik.com\/wp-content\/uploads\/2025\/09\/fruehstueck-terrasse-villa-serenity-min.jpg\" data-elementor-open-lightbox=\"yes\" data-elementor-lightbox-slideshow=\"6c8b15f\" data-elementor-lightbox-title=\"fruehstueck-terrasse-villa-serenity-min\" data-e-action-hash=\"#elementor-action%3Aaction%3Dlightbox%26settings%3DeyJpZCI6MTM2MywidXJsIjoiaHR0cHM6XC9cL3ZpbGxhLXNlcmVuaXR5LXNpYmVuaWsuY29tXC93cC1jb250ZW50XC91cGxvYWRzXC8yMDI1XC8wOVwvZnJ1ZWhzdHVlY2stdGVycmFzc2UtdmlsbGEtc2VyZW5pdHktbWluLmpwZyIsInNsaWRlc2hvdyI6IjZjOGIxNWYifQ%3D%3D\">\n\t\t\t\t\t<div class=\"e-gallery-image elementor-gallery-item__image\" data-thumbnail=\"https:\/\/villa-serenity-sibenik.com\/wp-content\/uploads\/2025\/09\/fruehstueck-terrasse-villa-serenity-min.jpg\" data-width=\"805\" data-height=\"420\" aria-label=\"\" role=\"img\" ><\/div>\n\t\t\t\t\t\t\t\t\t\t\t<div class=\"elementor-gallery-item__overlay\"><\/div>\n\t\t\t\t\t\t\t\t\t\t\t\t\t\t<\/a>\n\t\t\t\t\t<\/div>\n\t\t\t\t\t<\/div>\n\t\t\t\t<\/div>\n\t\t\t\t\t<\/div>\n\t\t\t\t<\/div>\n\t\t<div class=\"elementor-element elementor-element-de9e94b e-flex e-con-boxed e-con e-parent\" data-id=\"de9e94b\" data-element_type=\"container\" data-settings=\"{&quot;background_background&quot;:&quot;classic&quot;}\">\n\t\t\t\t\t<div class=\"e-con-inner\">\n\t\t<div class=\"elementor-element elementor-element-73ca63f e-con-full e-flex e-con e-child\" data-id=\"73ca63f\" data-element_type=\"container\" data-settings=\"{&quot;motion_fx_motion_fx_scrolling&quot;:&quot;yes&quot;,&quot;motion_fx_devices&quot;:[&quot;desktop&quot;,&quot;tablet&quot;],&quot;motion_fx_range&quot;:&quot;viewport&quot;}\">\n\t\t\t\t<div class=\"elementor-element elementor-element-b70d531 elementor-widget elementor-widget-heading\" data-id=\"b70d531\" data-element_type=\"widget\" data-settings=\"{&quot;_animation&quot;:&quot;none&quot;,&quot;_animation_delay&quot;:&quot;200&quot;}\" data-widget_type=\"heading.default\">\n\t\t\t\t\t<h2 class=\"elementor-heading-title elementor-size-default\">Together and <br>nevertheless for itself<\/h2>\t\t\t\t<\/div>\n\t\t\t\t<div class=\"elementor-element elementor-element-c795672 elementor-widget elementor-widget-text-editor\" data-id=\"c795672\" data-element_type=\"widget\" data-settings=\"{&quot;_animation&quot;:&quot;none&quot;,&quot;_animation_delay&quot;:&quot;150&quot;}\" data-widget_type=\"text-editor.default\">\n\t\t\t\t\t\t\t\t\t<p>So everyone has their own private place when they need some peace and quiet. But you'll experience the best moments together anyway - cooking, by the pool, enjoying a glass of wine with a sea view, chilling by the sea or discovering the beautiful region around the vacation home together. Just the way a vacation should be: relaxed, sociable and yet with enough space for everyone.<\/p>\t\t\t\t\t\t\t\t<\/div>\n\t\t\t\t<\/div>\n\t\t\t\t\t<\/div>\n\t\t\t\t<\/div>\n\t\t\t\t<\/div>","protected":false},"excerpt":{"rendered":"<p>260m\u00b2 f\u00fcr bis zu 10 Personen Gem\u00fctliches Ferienhaus bei \u0160ibenik Villa Serenity bietet euch drei Wohnbereiche auf verschiedenen Ebenen &#8211; Ideal f\u00fcr Mehrgenerationenurlaub oder befreundete Familien, Paare und Freunde, die gemeinsam verreisen und Kroatien entdecken m\u00f6chten. Die drei Wohnbereiche Obergeschoss &#8211; Zwei separate Apartments Oben habt ihr zwei gem\u00fctliche R\u00fcckzugsorte &#8211; jeweils mit einem Schlafzimmer, [&hellip;]<\/p>","protected":false},"author":1,"featured_media":0,"parent":0,"menu_order":0,"comment_status":"closed","ping_status":"closed","template":"","meta":{"footnotes":""},"class_list":["post-695","page","type-page","status-publish","hentry"],"_links":{"self":[{"href":"https:\/\/villa-serenity-sibenik.com\/en\/wp-json\/wp\/v2\/pages\/695","targetHints":{"allow":["GET"]}}],"collection":[{"href":"https:\/\/villa-serenity-sibenik.com\/en\/wp-json\/wp\/v2\/pages"}],"about":[{"href":"https:\/\/villa-serenity-sibenik.com\/en\/wp-json\/wp\/v2\/types\/page"}],"author":[{"embeddable":true,"href":"https:\/\/villa-serenity-sibenik.com\/en\/wp-json\/wp\/v2\/users\/1"}],"replies":[{"embeddable":true,"href":"https:\/\/villa-serenity-sibenik.com\/en\/wp-json\/wp\/v2\/comments?post=695"}],"version-history":[{"count":27,"href":"https:\/\/villa-serenity-sibenik.com\/en\/wp-json\/wp\/v2\/pages\/695\/revisions"}],"predecessor-version":[{"id":1488,"href":"https:\/\/villa-serenity-sibenik.com\/en\/wp-json\/wp\/v2\/pages\/695\/revisions\/1488"}],"wp:attachment":[{"href":"https:\/\/villa-serenity-sibenik.com\/en\/wp-json\/wp\/v2\/media?parent=695"}],"curies":[{"name":"wp","href":"https:\/\/api.w.org\/{rel}","templated":true}]}}