{"id":522,"date":"2025-09-11T16:38:01","date_gmt":"2025-09-11T16:38:01","guid":{"rendered":"https:\/\/villa-serenity-sibenik.com\/?page_id=522"},"modified":"2025-12-14T07:53:00","modified_gmt":"2025-12-14T07:53:00","slug":"hosts","status":"publish","type":"page","link":"https:\/\/villa-serenity-sibenik.com\/en\/hosts\/","title":{"rendered":"Meet your hosts"},"content":{"rendered":"<div data-elementor-type=\"wp-page\" data-elementor-id=\"522\" class=\"elementor elementor-522\" data-elementor-post-type=\"page\">\n\t\t\t\t<div class=\"elementor-element elementor-element-bb0937b e-flex e-con-boxed e-con e-parent\" data-id=\"bb0937b\" data-element_type=\"container\" data-settings=\"{&quot;background_background&quot;:&quot;classic&quot;}\">\n\t\t\t\t\t<div class=\"e-con-inner\">\n\t\t<div class=\"elementor-element elementor-element-4a35519 e-con-full e-flex e-con e-child\" data-id=\"4a35519\" data-element_type=\"container\">\n\t\t\t\t<div class=\"elementor-element elementor-element-148351c elementor-widget elementor-widget-heading\" data-id=\"148351c\" data-element_type=\"widget\" data-settings=\"{&quot;_animation&quot;:&quot;none&quot;,&quot;_animation_delay&quot;:&quot;50&quot;}\" data-widget_type=\"heading.default\">\n\t\t\t\t\t<p class=\"elementor-heading-title elementor-size-default\">From the Bavarian mountains to the Adriatic<\/p>\t\t\t\t<\/div>\n\t\t\t\t<div class=\"elementor-element elementor-element-761c405 elementor-widget elementor-widget-heading\" data-id=\"761c405\" data-element_type=\"widget\" data-settings=\"{&quot;_animation&quot;:&quot;none&quot;,&quot;_animation_delay&quot;:&quot;200&quot;}\" data-widget_type=\"heading.default\">\n\t\t\t\t\t<h1 class=\"elementor-heading-title elementor-size-default\">Meet your hosts<br>Martina &amp; David<\/h1>\t\t\t\t<\/div>\n\t\t\t\t<\/div>\n\t\t\t\t\t<\/div>\n\t\t\t\t<\/div>\n\t\t<div class=\"elementor-element elementor-element-d421991 e-flex e-con-boxed e-con e-parent\" data-id=\"d421991\" data-element_type=\"container\" data-settings=\"{&quot;background_background&quot;:&quot;classic&quot;}\">\n\t\t\t\t\t<div class=\"e-con-inner\">\n\t\t<div class=\"elementor-element elementor-element-b3dc3fb e-con-full e-flex e-con e-child\" data-id=\"b3dc3fb\" data-element_type=\"container\">\n\t\t\t\t<div class=\"elementor-element elementor-element-6b97758 elementor-widget elementor-widget-heading\" data-id=\"6b97758\" data-element_type=\"widget\" data-settings=\"{&quot;_animation&quot;:&quot;none&quot;,&quot;_animation_delay&quot;:&quot;200&quot;}\" data-widget_type=\"heading.default\">\n\t\t\t\t\t<h2 class=\"elementor-heading-title elementor-size-default\">Who we are<\/h2>\t\t\t\t<\/div>\n\t\t\t\t<div class=\"elementor-element elementor-element-575ac7b elementor-widget elementor-widget-text-editor\" data-id=\"575ac7b\" data-element_type=\"widget\" data-settings=\"{&quot;_animation&quot;:&quot;none&quot;,&quot;_animation_delay&quot;:&quot;150&quot;}\" data-widget_type=\"text-editor.default\">\n\t\t\t\t\t\t\t\t\t<p><strong>Martina (29)<\/strong> - A native Croatian from \u0160ibenik. She knows the region like the back of her hand and speaks fluent Croatian, German and now also really good Czech.<\/p><p><strong>David (33)<\/strong> - from Germany with Czech roots. Speaks fluent German, Czech, English and now also speaks Croatian quite well.<\/p>\t\t\t\t\t\t\t\t<\/div>\n\t\t\t\t<div class=\"elementor-element elementor-element-f61af93 elementor-widget elementor-widget-image\" data-id=\"f61af93\" data-element_type=\"widget\" data-widget_type=\"image.default\">\n\t\t\t\t\t\t\t\t\t\t\t\t\t\t\t<img fetchpriority=\"high\" decoding=\"async\" width=\"1280\" height=\"967\" src=\"https:\/\/villa-serenity-sibenik.com\/wp-content\/uploads\/2025\/09\/IMG_5785-min.jpg\" class=\"attachment-full size-full wp-image-68\" alt=\"\" srcset=\"https:\/\/villa-serenity-sibenik.com\/wp-content\/uploads\/2025\/09\/IMG_5785-min.jpg 1280w, https:\/\/villa-serenity-sibenik.com\/wp-content\/uploads\/2025\/09\/IMG_5785-min-300x227.jpg 300w, https:\/\/villa-serenity-sibenik.com\/wp-content\/uploads\/2025\/09\/IMG_5785-min-1024x774.jpg 1024w, https:\/\/villa-serenity-sibenik.com\/wp-content\/uploads\/2025\/09\/IMG_5785-min-768x580.jpg 768w\" sizes=\"(max-width: 1280px) 100vw, 1280px\" \/>\t\t\t\t\t\t\t\t\t\t\t\t\t\t\t<\/div>\n\t\t\t\t<\/div>\n\t\t\t\t\t<\/div>\n\t\t\t\t<\/div>\n\t\t<div class=\"elementor-element elementor-element-464a76f e-flex e-con-boxed e-con e-parent\" data-id=\"464a76f\" data-element_type=\"container\" data-settings=\"{&quot;background_background&quot;:&quot;classic&quot;}\">\n\t\t\t\t\t<div class=\"e-con-inner\">\n\t\t<div class=\"elementor-element elementor-element-7fb6e39 e-con-full e-flex e-con e-child\" data-id=\"7fb6e39\" data-element_type=\"container\">\n\t\t\t\t<div class=\"elementor-element elementor-element-f83d518 elementor-widget elementor-widget-heading\" data-id=\"f83d518\" data-element_type=\"widget\" data-settings=\"{&quot;_animation&quot;:&quot;none&quot;,&quot;_animation_delay&quot;:&quot;200&quot;}\" data-widget_type=\"heading.default\">\n\t\t\t\t\t<h2 class=\"elementor-heading-title elementor-size-default\">Why \u0160ibenik?<\/h2>\t\t\t\t<\/div>\n\t\t\t\t<div class=\"elementor-element elementor-element-d941a0b elementor-widget elementor-widget-text-editor\" data-id=\"d941a0b\" data-element_type=\"widget\" data-settings=\"{&quot;_animation&quot;:&quot;none&quot;,&quot;_animation_delay&quot;:&quot;150&quot;}\" data-widget_type=\"text-editor.default\">\n\t\t\t\t\t\t\t\t\t<p>For Martina, it is a return home - for her, \u0160ibenik naturally has a special place in her heart. For David, it was love at first sight: the combination of Mediterranean flair, great beaches and turquoise blue sea, authentic Croatian culture and the proximity to spectacular national parks were the deciding factors for this move. We have to admit: The 300 days of sunshine a year also made our decision a little easier, of course. <img decoding=\"async\" class=\"emoji\" role=\"img\" draggable=\"false\" src=\"https:\/\/s.w.org\/images\/core\/emoji\/16.0.1\/svg\/1f603.svg\" alt=\"\ud83d\ude03\" \/><\/p>\t\t\t\t\t\t\t\t<\/div>\n\t\t\t\t<\/div>\n\t\t\t\t\t<\/div>\n\t\t\t\t<\/div>\n\t\t\t\t<\/div>","protected":false},"excerpt":{"rendered":"<p>Von den Bergen an die Adria Eure GastgeberMartina &amp; David Wer wir sind Martina (29) &#8211; geb\u00fcrtige Kroatin aus \u0160ibenik. Kennt die Region wie ihre Westentasche und spricht flie\u00dfend Kroatisch, Deutsch und mittlerweile auch richtig gut Tschechisch. David (33) &#8211; aus Deutschland mit tschechischen Wurzeln. Spricht flie\u00dfend Deutsch, Tschechisch, Englisch und inzwischen auch ganz gut [&hellip;]<\/p>","protected":false},"author":1,"featured_media":0,"parent":0,"menu_order":0,"comment_status":"closed","ping_status":"closed","template":"","meta":{"footnotes":""},"class_list":["post-522","page","type-page","status-publish","hentry"],"_links":{"self":[{"href":"https:\/\/villa-serenity-sibenik.com\/en\/wp-json\/wp\/v2\/pages\/522","targetHints":{"allow":["GET"]}}],"collection":[{"href":"https:\/\/villa-serenity-sibenik.com\/en\/wp-json\/wp\/v2\/pages"}],"about":[{"href":"https:\/\/villa-serenity-sibenik.com\/en\/wp-json\/wp\/v2\/types\/page"}],"author":[{"embeddable":true,"href":"https:\/\/villa-serenity-sibenik.com\/en\/wp-json\/wp\/v2\/users\/1"}],"replies":[{"embeddable":true,"href":"https:\/\/villa-serenity-sibenik.com\/en\/wp-json\/wp\/v2\/comments?post=522"}],"version-history":[{"count":15,"href":"https:\/\/villa-serenity-sibenik.com\/en\/wp-json\/wp\/v2\/pages\/522\/revisions"}],"predecessor-version":[{"id":1523,"href":"https:\/\/villa-serenity-sibenik.com\/en\/wp-json\/wp\/v2\/pages\/522\/revisions\/1523"}],"wp:attachment":[{"href":"https:\/\/villa-serenity-sibenik.com\/en\/wp-json\/wp\/v2\/media?parent=522"}],"curies":[{"name":"wp","href":"https:\/\/api.w.org\/{rel}","templated":true}]}}