{"id":695,"date":"2025-09-13T07:46:41","date_gmt":"2025-09-13T07:46:41","guid":{"rendered":"https:\/\/villa-serenity-sibenik.com\/?page_id=695"},"modified":"2025-12-11T19:39:17","modified_gmt":"2025-12-11T19:39:17","slug":"ubytovani-chorvatsko","status":"publish","type":"page","link":"https:\/\/villa-serenity-sibenik.com\/cs\/ubytovani-chorvatsko\/","title":{"rendered":"Rekrea\u010dn\u00ed d\u016fm"},"content":{"rendered":"<div data-elementor-type=\"wp-page\" data-elementor-id=\"695\" class=\"elementor elementor-695\" data-elementor-post-type=\"page\">\n\t\t\t\t<div class=\"elementor-element elementor-element-0b84bc2 e-flex e-con-boxed e-con e-parent\" data-id=\"0b84bc2\" data-element_type=\"container\" data-settings=\"{&quot;background_background&quot;:&quot;classic&quot;}\">\n\t\t\t\t\t<div class=\"e-con-inner\">\n\t\t<div class=\"elementor-element elementor-element-518f2bf e-con-full e-flex e-con e-child\" data-id=\"518f2bf\" data-element_type=\"container\">\n\t\t\t\t<div class=\"elementor-element elementor-element-2e0958e elementor-widget elementor-widget-heading\" data-id=\"2e0958e\" data-element_type=\"widget\" data-settings=\"{&quot;_animation&quot;:&quot;none&quot;,&quot;_animation_delay&quot;:&quot;50&quot;}\" data-widget_type=\"heading.default\">\n\t\t\t\t\t<p class=\"elementor-heading-title elementor-size-default\">260m\u00b2 a\u017e pro 10 osob mezi \u0160ibenikem a Primo\u0161tenem<\/p>\t\t\t\t<\/div>\n\t\t\t\t<div class=\"elementor-element elementor-element-48c24c6 elementor-widget elementor-widget-heading\" data-id=\"48c24c6\" data-element_type=\"widget\" data-settings=\"{&quot;_animation&quot;:&quot;none&quot;,&quot;_animation_delay&quot;:&quot;200&quot;}\" data-widget_type=\"heading.default\">\n\t\t\t\t\t<h1 class=\"elementor-heading-title elementor-size-default\">\u00datuln\u00e9 ubytov\u00e1n\u00ed v Chorvatsku<\/h1>\t\t\t\t<\/div>\n\t\t\t\t<div class=\"elementor-element elementor-element-1720b4d elementor-widget elementor-widget-text-editor\" data-id=\"1720b4d\" data-element_type=\"widget\" data-settings=\"{&quot;_animation&quot;:&quot;none&quot;,&quot;_animation_delay&quot;:&quot;150&quot;}\" data-widget_type=\"text-editor.default\">\n\t\t\t\t\t\t\t\t\t<p>Vila Serenity u \u0160ibeniku nab\u00edz\u00ed t\u0159i obytn\u00e9 prostory na r\u016fzn\u00fdch \u00farovn\u00edch - ide\u00e1ln\u00ed pro v\u00edcegenera\u010dn\u00ed dovolenou nebo pro rodiny, p\u00e1ry a p\u0159\u00e1tele, kte\u0159\u00ed cht\u011bj\u00ed cestovat a objevovat Chorvatsko spole\u010dn\u011b.<\/p>\t\t\t\t\t\t\t\t<\/div>\n\t\t\t\t<\/div>\n\t\t\t\t\t<\/div>\n\t\t\t\t<\/div>\n\t\t<div class=\"elementor-element elementor-element-368d5fb e-flex e-con-boxed e-con e-parent\" data-id=\"368d5fb\" data-element_type=\"container\" data-settings=\"{&quot;background_background&quot;:&quot;classic&quot;}\">\n\t\t\t\t\t<div class=\"e-con-inner\">\n\t\t<div class=\"elementor-element elementor-element-6726aa8 e-con-full e-flex e-con e-child\" data-id=\"6726aa8\" data-element_type=\"container\" data-settings=\"{&quot;motion_fx_motion_fx_scrolling&quot;:&quot;yes&quot;,&quot;motion_fx_devices&quot;:[&quot;desktop&quot;,&quot;tablet&quot;],&quot;motion_fx_range&quot;:&quot;viewport&quot;}\">\n\t\t\t\t<div class=\"elementor-element elementor-element-ee1c311 elementor-widget elementor-widget-heading\" data-id=\"ee1c311\" data-element_type=\"widget\" data-settings=\"{&quot;_animation&quot;:&quot;none&quot;,&quot;_animation_delay&quot;:&quot;200&quot;}\" data-widget_type=\"heading.default\">\n\t\t\t\t\t<h2 class=\"elementor-heading-title elementor-size-default\">T\u0159i obytn\u00e9 prostory<\/h2>\t\t\t\t<\/div>\n\t\t\t\t<div class=\"elementor-element elementor-element-f341ecf elementor-widget elementor-widget-heading\" data-id=\"f341ecf\" data-element_type=\"widget\" data-settings=\"{&quot;_animation&quot;:&quot;none&quot;,&quot;_animation_delay&quot;:&quot;200&quot;}\" data-widget_type=\"heading.default\">\n\t\t\t\t\t<h3 class=\"elementor-heading-title elementor-size-default\">Prvn\u00ed patro - dva samostatn\u00e9 apartm\u00e1ny<\/h3>\t\t\t\t<\/div>\n\t\t\t\t<div class=\"elementor-element elementor-element-c5a033b elementor-widget elementor-widget-text-editor\" data-id=\"c5a033b\" data-element_type=\"widget\" data-settings=\"{&quot;_animation&quot;:&quot;none&quot;,&quot;_animation_delay&quot;:&quot;150&quot;}\" data-widget_type=\"text-editor.default\">\n\t\t\t\t\t\t\t\t\t<p>V pat\u0159e jsou dva \u00fatuln\u00e9 apartm\u00e1ny - ka\u017ed\u00fd s lo\u017enic\u00ed, vlastn\u00ed koupelnou, malou kuchy\u0148kou a balkonem s v\u00fdhledem na mo\u0159e. R\u00e1no si zde m\u016f\u017eete v klidu vychutnat k\u00e1vu, zat\u00edmco v\u0161ichni dole t\u0159eba je\u0161t\u011b sp\u00ed.<\/p>\t\t\t\t\t\t\t\t<\/div>\n\t\t\t\t<div class=\"elementor-element elementor-element-204f0d3 elementor-widget elementor-widget-gallery\" data-id=\"204f0d3\" data-element_type=\"widget\" data-settings=\"{&quot;columns&quot;:2,&quot;aspect_ratio&quot;:&quot;4:3&quot;,&quot;lazyload&quot;:&quot;yes&quot;,&quot;gallery_layout&quot;:&quot;grid&quot;,&quot;columns_tablet&quot;:2,&quot;columns_mobile&quot;:1,&quot;gap&quot;:{&quot;unit&quot;:&quot;px&quot;,&quot;size&quot;:10,&quot;sizes&quot;:[]},&quot;gap_tablet&quot;:{&quot;unit&quot;:&quot;px&quot;,&quot;size&quot;:10,&quot;sizes&quot;:[]},&quot;gap_mobile&quot;:{&quot;unit&quot;:&quot;px&quot;,&quot;size&quot;:10,&quot;sizes&quot;:[]},&quot;link_to&quot;:&quot;file&quot;,&quot;overlay_background&quot;:&quot;yes&quot;,&quot;content_hover_animation&quot;:&quot;fade-in&quot;}\" data-widget_type=\"gallery.default\">\n\t\t\t\t\t\t\t<div class=\"elementor-gallery__container\">\n\t\t\t\t\t\t\t<a class=\"e-gallery-item elementor-gallery-item elementor-animated-content\" href=\"https:\/\/villa-serenity-sibenik.com\/wp-content\/uploads\/2025\/12\/villa-serenity-wohnzimmer-oben-links-min.jpg\" data-elementor-open-lightbox=\"yes\" data-elementor-lightbox-slideshow=\"204f0d3\" data-elementor-lightbox-title=\"villa-serenity-wohnzimmer-oben-links-min\" data-e-action-hash=\"#elementor-action%3Aaction%3Dlightbox%26settings%3DeyJpZCI6MTQzNSwidXJsIjoiaHR0cHM6XC9cL3ZpbGxhLXNlcmVuaXR5LXNpYmVuaWsuY29tXC93cC1jb250ZW50XC91cGxvYWRzXC8yMDI1XC8xMlwvdmlsbGEtc2VyZW5pdHktd29obnppbW1lci1vYmVuLWxpbmtzLW1pbi5qcGciLCJzbGlkZXNob3ciOiIyMDRmMGQzIn0%3D\">\n\t\t\t\t\t<div class=\"e-gallery-image elementor-gallery-item__image\" data-thumbnail=\"https:\/\/villa-serenity-sibenik.com\/wp-content\/uploads\/2025\/12\/villa-serenity-wohnzimmer-oben-links-min.jpg\" data-width=\"805\" data-height=\"420\" aria-label=\"\" role=\"img\" ><\/div>\n\t\t\t\t\t\t\t\t\t\t\t<div class=\"elementor-gallery-item__overlay\"><\/div>\n\t\t\t\t\t\t\t\t\t\t\t\t\t\t<\/a>\n\t\t\t\t\t\t\t<a class=\"e-gallery-item elementor-gallery-item elementor-animated-content\" href=\"https:\/\/villa-serenity-sibenik.com\/wp-content\/uploads\/2025\/09\/villa_serenity_badezimmer2-min.jpg\" data-elementor-open-lightbox=\"yes\" data-elementor-lightbox-slideshow=\"204f0d3\" data-elementor-lightbox-title=\"villa_serenity_badezimmer2-min\" data-e-action-hash=\"#elementor-action%3Aaction%3Dlightbox%26settings%3DeyJpZCI6MTM3MiwidXJsIjoiaHR0cHM6XC9cL3ZpbGxhLXNlcmVuaXR5LXNpYmVuaWsuY29tXC93cC1jb250ZW50XC91cGxvYWRzXC8yMDI1XC8wOVwvdmlsbGFfc2VyZW5pdHlfYmFkZXppbW1lcjItbWluLmpwZyIsInNsaWRlc2hvdyI6IjIwNGYwZDMifQ%3D%3D\">\n\t\t\t\t\t<div class=\"e-gallery-image elementor-gallery-item__image\" data-thumbnail=\"https:\/\/villa-serenity-sibenik.com\/wp-content\/uploads\/2025\/09\/villa_serenity_badezimmer2-min.jpg\" data-width=\"805\" data-height=\"420\" aria-label=\"\" role=\"img\" ><\/div>\n\t\t\t\t\t\t\t\t\t\t\t<div class=\"elementor-gallery-item__overlay\"><\/div>\n\t\t\t\t\t\t\t\t\t\t\t\t\t\t<\/a>\n\t\t\t\t\t\t\t<a class=\"e-gallery-item elementor-gallery-item elementor-animated-content\" href=\"https:\/\/villa-serenity-sibenik.com\/wp-content\/uploads\/2025\/09\/balkon-villa-serenity-min.jpg\" data-elementor-open-lightbox=\"yes\" data-elementor-lightbox-slideshow=\"204f0d3\" data-elementor-lightbox-title=\"balkon-villa-serenity-min\" data-e-action-hash=\"#elementor-action%3Aaction%3Dlightbox%26settings%3DeyJpZCI6MTM3MCwidXJsIjoiaHR0cHM6XC9cL3ZpbGxhLXNlcmVuaXR5LXNpYmVuaWsuY29tXC93cC1jb250ZW50XC91cGxvYWRzXC8yMDI1XC8wOVwvYmFsa29uLXZpbGxhLXNlcmVuaXR5LW1pbi5qcGciLCJzbGlkZXNob3ciOiIyMDRmMGQzIn0%3D\">\n\t\t\t\t\t<div class=\"e-gallery-image elementor-gallery-item__image\" data-thumbnail=\"https:\/\/villa-serenity-sibenik.com\/wp-content\/uploads\/2025\/09\/balkon-villa-serenity-min.jpg\" data-width=\"805\" data-height=\"420\" aria-label=\"\" role=\"img\" ><\/div>\n\t\t\t\t\t\t\t\t\t\t\t<div class=\"elementor-gallery-item__overlay\"><\/div>\n\t\t\t\t\t\t\t\t\t\t\t\t\t\t<\/a>\n\t\t\t\t\t<\/div>\n\t\t\t\t\t<\/div>\n\t\t\t\t<div class=\"elementor-element elementor-element-1820d05 elementor-widget elementor-widget-heading\" data-id=\"1820d05\" data-element_type=\"widget\" data-settings=\"{&quot;_animation&quot;:&quot;none&quot;,&quot;_animation_delay&quot;:&quot;200&quot;}\" data-widget_type=\"heading.default\">\n\t\t\t\t\t<h3 class=\"elementor-heading-title elementor-size-default\">P\u0159\u00edzem\u00ed - hlavn\u00ed byt<\/h3>\t\t\t\t<\/div>\n\t\t\t\t<div class=\"elementor-element elementor-element-4162a93 elementor-widget elementor-widget-text-editor\" data-id=\"4162a93\" data-element_type=\"widget\" data-settings=\"{&quot;_animation&quot;:&quot;none&quot;,&quot;_animation_delay&quot;:&quot;150&quot;}\" data-widget_type=\"text-editor.default\">\n\t\t\t\t\t\t\t\t\t<p>Krom\u011b dal\u0161\u00edch 2 lo\u017enic se zde rozhodn\u011b najde m\u00edsto pro ka\u017ed\u00e9ho: velk\u00e1 kuchy\u0148, kde m\u016f\u017eete spole\u010dn\u011b va\u0159it, ob\u00fdvac\u00ed pokoj s \u00fatulnou pohovkou a televiz\u00ed pro odpo\u010dinkov\u00e9 ve\u010dery. Odtud je tak\u00e9 p\u0159\u00edm\u00fd vstup na slune\u010dn\u00ed terasu.<\/p>\t\t\t\t\t\t\t\t<\/div>\n\t\t\t\t<div class=\"elementor-element elementor-element-ea890f7 elementor-widget elementor-widget-gallery\" data-id=\"ea890f7\" data-element_type=\"widget\" data-settings=\"{&quot;columns&quot;:2,&quot;aspect_ratio&quot;:&quot;4:3&quot;,&quot;lazyload&quot;:&quot;yes&quot;,&quot;gallery_layout&quot;:&quot;grid&quot;,&quot;columns_tablet&quot;:2,&quot;columns_mobile&quot;:1,&quot;gap&quot;:{&quot;unit&quot;:&quot;px&quot;,&quot;size&quot;:10,&quot;sizes&quot;:[]},&quot;gap_tablet&quot;:{&quot;unit&quot;:&quot;px&quot;,&quot;size&quot;:10,&quot;sizes&quot;:[]},&quot;gap_mobile&quot;:{&quot;unit&quot;:&quot;px&quot;,&quot;size&quot;:10,&quot;sizes&quot;:[]},&quot;link_to&quot;:&quot;file&quot;,&quot;overlay_background&quot;:&quot;yes&quot;,&quot;content_hover_animation&quot;:&quot;fade-in&quot;}\" data-widget_type=\"gallery.default\">\n\t\t\t\t\t\t\t<div class=\"elementor-gallery__container\">\n\t\t\t\t\t\t\t<a class=\"e-gallery-item elementor-gallery-item elementor-animated-content\" href=\"https:\/\/villa-serenity-sibenik.com\/wp-content\/uploads\/2025\/09\/villa_serenity_schlafzimmer2-min.jpg\" data-elementor-open-lightbox=\"yes\" data-elementor-lightbox-slideshow=\"ea890f7\" data-elementor-lightbox-title=\"villa_serenity_schlafzimmer2-min\" data-e-action-hash=\"#elementor-action%3Aaction%3Dlightbox%26settings%3DeyJpZCI6MTM2NSwidXJsIjoiaHR0cHM6XC9cL3ZpbGxhLXNlcmVuaXR5LXNpYmVuaWsuY29tXC93cC1jb250ZW50XC91cGxvYWRzXC8yMDI1XC8wOVwvdmlsbGFfc2VyZW5pdHlfc2NobGFmemltbWVyMi1taW4uanBnIiwic2xpZGVzaG93IjoiZWE4OTBmNyJ9\">\n\t\t\t\t\t<div class=\"e-gallery-image elementor-gallery-item__image\" data-thumbnail=\"https:\/\/villa-serenity-sibenik.com\/wp-content\/uploads\/2025\/09\/villa_serenity_schlafzimmer2-min.jpg\" data-width=\"805\" data-height=\"420\" aria-label=\"\" role=\"img\" ><\/div>\n\t\t\t\t\t\t\t\t\t\t\t<div class=\"elementor-gallery-item__overlay\"><\/div>\n\t\t\t\t\t\t\t\t\t\t\t\t\t\t<\/a>\n\t\t\t\t\t\t\t<a class=\"e-gallery-item elementor-gallery-item elementor-animated-content\" href=\"https:\/\/villa-serenity-sibenik.com\/wp-content\/uploads\/2025\/09\/villa-serenity-wohnzimmer-grosse-wohnung-min.jpg\" data-elementor-open-lightbox=\"yes\" data-elementor-lightbox-slideshow=\"ea890f7\" data-elementor-lightbox-title=\"villa-serenity-wohnzimmer-grosse-wohnung-min\" data-e-action-hash=\"#elementor-action%3Aaction%3Dlightbox%26settings%3DeyJpZCI6MTM2NCwidXJsIjoiaHR0cHM6XC9cL3ZpbGxhLXNlcmVuaXR5LXNpYmVuaWsuY29tXC93cC1jb250ZW50XC91cGxvYWRzXC8yMDI1XC8wOVwvdmlsbGEtc2VyZW5pdHktd29obnppbW1lci1ncm9zc2Utd29obnVuZy1taW4uanBnIiwic2xpZGVzaG93IjoiZWE4OTBmNyJ9\">\n\t\t\t\t\t<div class=\"e-gallery-image elementor-gallery-item__image\" data-thumbnail=\"https:\/\/villa-serenity-sibenik.com\/wp-content\/uploads\/2025\/09\/villa-serenity-wohnzimmer-grosse-wohnung-min.jpg\" data-width=\"805\" data-height=\"420\" aria-label=\"\" role=\"img\" ><\/div>\n\t\t\t\t\t\t\t\t\t\t\t<div class=\"elementor-gallery-item__overlay\"><\/div>\n\t\t\t\t\t\t\t\t\t\t\t\t\t\t<\/a>\n\t\t\t\t\t<\/div>\n\t\t\t\t\t<\/div>\n\t\t\t\t<\/div>\n\t\t\t\t\t<\/div>\n\t\t\t\t<\/div>\n\t\t<div class=\"elementor-element elementor-element-3330667 e-flex e-con-boxed e-con e-parent\" data-id=\"3330667\" data-element_type=\"container\" data-settings=\"{&quot;background_background&quot;:&quot;classic&quot;}\">\n\t\t\t\t\t<div class=\"e-con-inner\">\n\t\t<div class=\"elementor-element elementor-element-4f84a93 e-con-full e-flex e-con e-child\" data-id=\"4f84a93\" data-element_type=\"container\" data-settings=\"{&quot;motion_fx_motion_fx_scrolling&quot;:&quot;yes&quot;,&quot;motion_fx_devices&quot;:[&quot;desktop&quot;,&quot;tablet&quot;],&quot;motion_fx_range&quot;:&quot;viewport&quot;}\">\n\t\t\t\t<div class=\"elementor-element elementor-element-e4c2de8 elementor-widget elementor-widget-heading\" data-id=\"e4c2de8\" data-element_type=\"widget\" data-settings=\"{&quot;_animation&quot;:&quot;none&quot;,&quot;_animation_delay&quot;:&quot;200&quot;}\" data-widget_type=\"heading.default\">\n\t\t\t\t\t<h2 class=\"elementor-heading-title elementor-size-default\">Venku je v\u00e1\u0161 druh\u00fd ob\u00fdvac\u00ed pokoj<\/h2>\t\t\t\t<\/div>\n\t\t\t\t<div class=\"elementor-element elementor-element-5d012bb elementor-widget elementor-widget-text-editor\" data-id=\"5d012bb\" data-element_type=\"widget\" data-settings=\"{&quot;_animation&quot;:&quot;none&quot;,&quot;_animation_delay&quot;:&quot;150&quot;}\" data-widget_type=\"text-editor.default\">\n\t\t\t\t\t\t\t\t\t<p>\u017divot v Dalm\u00e1cii se odehr\u00e1v\u00e1 p\u0159edev\u0161\u00edm venku. Slune\u010dn\u00e1 terasa s vyh\u0159\u00edvan\u00fdm baz\u00e9nem se rychle stane va\u0161\u00edm obl\u00edben\u00fdm m\u00edstem. Zde m\u016f\u017eete odpo\u010d\u00edvat, grilovat, b\u00fdt spolu a u\u017e\u00edvat si panoramatick\u00fd v\u00fdhled nebo kr\u00e1sn\u00e9 z\u00e1pady slunce.<\/p>\t\t\t\t\t\t\t\t<\/div>\n\t\t\t\t<div class=\"elementor-element elementor-element-6c8b15f elementor-widget elementor-widget-gallery\" data-id=\"6c8b15f\" data-element_type=\"widget\" data-settings=\"{&quot;columns&quot;:2,&quot;aspect_ratio&quot;:&quot;4:3&quot;,&quot;lazyload&quot;:&quot;yes&quot;,&quot;gallery_layout&quot;:&quot;grid&quot;,&quot;columns_tablet&quot;:2,&quot;columns_mobile&quot;:1,&quot;gap&quot;:{&quot;unit&quot;:&quot;px&quot;,&quot;size&quot;:10,&quot;sizes&quot;:[]},&quot;gap_tablet&quot;:{&quot;unit&quot;:&quot;px&quot;,&quot;size&quot;:10,&quot;sizes&quot;:[]},&quot;gap_mobile&quot;:{&quot;unit&quot;:&quot;px&quot;,&quot;size&quot;:10,&quot;sizes&quot;:[]},&quot;link_to&quot;:&quot;file&quot;,&quot;overlay_background&quot;:&quot;yes&quot;,&quot;content_hover_animation&quot;:&quot;fade-in&quot;}\" data-widget_type=\"gallery.default\">\n\t\t\t\t\t\t\t<div class=\"elementor-gallery__container\">\n\t\t\t\t\t\t\t<a class=\"e-gallery-item elementor-gallery-item elementor-animated-content\" href=\"https:\/\/villa-serenity-sibenik.com\/wp-content\/uploads\/2025\/09\/pool_mit_meerblick2-min.jpg\" data-elementor-open-lightbox=\"yes\" data-elementor-lightbox-slideshow=\"6c8b15f\" data-elementor-lightbox-title=\"pool_mit_meerblick2-min\" data-e-action-hash=\"#elementor-action%3Aaction%3Dlightbox%26settings%3DeyJpZCI6MTM3MSwidXJsIjoiaHR0cHM6XC9cL3ZpbGxhLXNlcmVuaXR5LXNpYmVuaWsuY29tXC93cC1jb250ZW50XC91cGxvYWRzXC8yMDI1XC8wOVwvcG9vbF9taXRfbWVlcmJsaWNrMi1taW4uanBnIiwic2xpZGVzaG93IjoiNmM4YjE1ZiJ9\">\n\t\t\t\t\t<div class=\"e-gallery-image elementor-gallery-item__image\" data-thumbnail=\"https:\/\/villa-serenity-sibenik.com\/wp-content\/uploads\/2025\/09\/pool_mit_meerblick2-min.jpg\" data-width=\"805\" data-height=\"420\" aria-label=\"\" role=\"img\" ><\/div>\n\t\t\t\t\t\t\t\t\t\t\t<div class=\"elementor-gallery-item__overlay\"><\/div>\n\t\t\t\t\t\t\t\t\t\t\t\t\t\t<\/a>\n\t\t\t\t\t\t\t<a class=\"e-gallery-item elementor-gallery-item elementor-animated-content\" href=\"https:\/\/villa-serenity-sibenik.com\/wp-content\/uploads\/2025\/09\/fruehstueck-terrasse-villa-serenity-min.jpg\" data-elementor-open-lightbox=\"yes\" data-elementor-lightbox-slideshow=\"6c8b15f\" data-elementor-lightbox-title=\"fruehstueck-terrasse-villa-serenity-min\" data-e-action-hash=\"#elementor-action%3Aaction%3Dlightbox%26settings%3DeyJpZCI6MTM2MywidXJsIjoiaHR0cHM6XC9cL3ZpbGxhLXNlcmVuaXR5LXNpYmVuaWsuY29tXC93cC1jb250ZW50XC91cGxvYWRzXC8yMDI1XC8wOVwvZnJ1ZWhzdHVlY2stdGVycmFzc2UtdmlsbGEtc2VyZW5pdHktbWluLmpwZyIsInNsaWRlc2hvdyI6IjZjOGIxNWYifQ%3D%3D\">\n\t\t\t\t\t<div class=\"e-gallery-image elementor-gallery-item__image\" data-thumbnail=\"https:\/\/villa-serenity-sibenik.com\/wp-content\/uploads\/2025\/09\/fruehstueck-terrasse-villa-serenity-min.jpg\" data-width=\"805\" data-height=\"420\" aria-label=\"\" role=\"img\" ><\/div>\n\t\t\t\t\t\t\t\t\t\t\t<div class=\"elementor-gallery-item__overlay\"><\/div>\n\t\t\t\t\t\t\t\t\t\t\t\t\t\t<\/a>\n\t\t\t\t\t<\/div>\n\t\t\t\t\t<\/div>\n\t\t\t\t<\/div>\n\t\t\t\t\t<\/div>\n\t\t\t\t<\/div>\n\t\t<div class=\"elementor-element elementor-element-de9e94b e-flex e-con-boxed e-con e-parent\" data-id=\"de9e94b\" data-element_type=\"container\" data-settings=\"{&quot;background_background&quot;:&quot;classic&quot;}\">\n\t\t\t\t\t<div class=\"e-con-inner\">\n\t\t<div class=\"elementor-element elementor-element-73ca63f e-con-full e-flex e-con e-child\" data-id=\"73ca63f\" data-element_type=\"container\" data-settings=\"{&quot;motion_fx_motion_fx_scrolling&quot;:&quot;yes&quot;,&quot;motion_fx_devices&quot;:[&quot;desktop&quot;,&quot;tablet&quot;],&quot;motion_fx_range&quot;:&quot;viewport&quot;}\">\n\t\t\t\t<div class=\"elementor-element elementor-element-b70d531 elementor-widget elementor-widget-heading\" data-id=\"b70d531\" data-element_type=\"widget\" data-settings=\"{&quot;_animation&quot;:&quot;none&quot;,&quot;_animation_delay&quot;:&quot;200&quot;}\" data-widget_type=\"heading.default\">\n\t\t\t\t\t<h2 class=\"elementor-heading-title elementor-size-default\">Spole\u010dn\u011b a <br>nicm\u00e9n\u011b pro sebe<\/h2>\t\t\t\t<\/div>\n\t\t\t\t<div class=\"elementor-element elementor-element-c795672 elementor-widget elementor-widget-text-editor\" data-id=\"c795672\" data-element_type=\"widget\" data-settings=\"{&quot;_animation&quot;:&quot;none&quot;,&quot;_animation_delay&quot;:&quot;150&quot;}\" data-widget_type=\"text-editor.default\">\n\t\t\t\t\t\t\t\t\t<p>Ka\u017ed\u00fd tak m\u00e1 sv\u00e9 soukrom\u00ed, kdy\u017e pot\u0159ebuje klid. Ale i tak za\u017eijete ty nejlep\u0161\u00ed spole\u010dn\u00e9 chv\u00edle - p\u0159i va\u0159en\u00ed, u baz\u00e9nu, p\u0159i sklence v\u00edna s v\u00fdhledem na mo\u0159e, u mo\u0159e nebo p\u0159i spole\u010dn\u00e9m objevov\u00e1n\u00ed kr\u00e1sn\u00e9ho okol\u00ed na\u0161\u00ed vily Serenity. P\u0159esn\u011b takov\u00e1, jak\u00e1 by dovolen\u00e1 m\u011bla b\u00fdt: pohodov\u00e1, spole\u010densk\u00e1 a p\u0159itom s dostatkem prostoru pro ka\u017ed\u00e9ho.<\/p>\t\t\t\t\t\t\t\t<\/div>\n\t\t\t\t<\/div>\n\t\t\t\t\t<\/div>\n\t\t\t\t<\/div>\n\t\t\t\t<\/div>","protected":false},"excerpt":{"rendered":"<p>260m\u00b2 a\u017e pro 10 osob \u00datuln\u00fd rekrea\u010dn\u00ed d\u016fm nedaleko \u0160ibeniku Villa Serenity nab\u00edz\u00ed t\u0159i obytn\u00e9 prostory na r\u016fzn\u00fdch \u00farovn\u00edch - ide\u00e1ln\u00ed pro v\u00edcegenera\u010dn\u00ed dovolenou nebo pro rodiny, p\u00e1ry a p\u0159\u00e1tele, kte\u0159\u00ed cht\u011bj\u00ed spole\u010dn\u011b cestovat a objevovat Chorvatsko. T\u0159i obytn\u00e9 prostory Prvn\u00ed patro - dva odd\u011blen\u00e9 byty Naho\u0159e m\u00e1te k dispozici dv\u011b \u00fatuln\u00e1 \u00fato\u010di\u0161t\u011b - ka\u017ed\u00e9 s lo\u017enic\u00ed, [...]<\/p>","protected":false},"author":1,"featured_media":0,"parent":0,"menu_order":0,"comment_status":"closed","ping_status":"closed","template":"","meta":{"footnotes":""},"class_list":["post-695","page","type-page","status-publish","hentry"],"_links":{"self":[{"href":"https:\/\/villa-serenity-sibenik.com\/cs\/wp-json\/wp\/v2\/pages\/695","targetHints":{"allow":["GET"]}}],"collection":[{"href":"https:\/\/villa-serenity-sibenik.com\/cs\/wp-json\/wp\/v2\/pages"}],"about":[{"href":"https:\/\/villa-serenity-sibenik.com\/cs\/wp-json\/wp\/v2\/types\/page"}],"author":[{"embeddable":true,"href":"https:\/\/villa-serenity-sibenik.com\/cs\/wp-json\/wp\/v2\/users\/1"}],"replies":[{"embeddable":true,"href":"https:\/\/villa-serenity-sibenik.com\/cs\/wp-json\/wp\/v2\/comments?post=695"}],"version-history":[{"count":27,"href":"https:\/\/villa-serenity-sibenik.com\/cs\/wp-json\/wp\/v2\/pages\/695\/revisions"}],"predecessor-version":[{"id":1488,"href":"https:\/\/villa-serenity-sibenik.com\/cs\/wp-json\/wp\/v2\/pages\/695\/revisions\/1488"}],"wp:attachment":[{"href":"https:\/\/villa-serenity-sibenik.com\/cs\/wp-json\/wp\/v2\/media?parent=695"}],"curies":[{"name":"wp","href":"https:\/\/api.w.org\/{rel}","templated":true}]}}