{"id":522,"date":"2025-09-11T16:38:01","date_gmt":"2025-09-11T16:38:01","guid":{"rendered":"https:\/\/villa-serenity-sibenik.com\/?page_id=522"},"modified":"2025-12-14T07:53:00","modified_gmt":"2025-12-14T07:53:00","slug":"hostitele","status":"publish","type":"page","link":"https:\/\/villa-serenity-sibenik.com\/cs\/hostitele\/","title":{"rendered":"Va\u0161i hostitel\u00e9"},"content":{"rendered":"<div data-elementor-type=\"wp-page\" data-elementor-id=\"522\" class=\"elementor elementor-522\" data-elementor-post-type=\"page\">\n\t\t\t\t<div class=\"elementor-element elementor-element-bb0937b e-flex e-con-boxed e-con e-parent\" data-id=\"bb0937b\" data-element_type=\"container\" data-settings=\"{&quot;background_background&quot;:&quot;classic&quot;}\">\n\t\t\t\t\t<div class=\"e-con-inner\">\n\t\t<div class=\"elementor-element elementor-element-4a35519 e-con-full e-flex e-con e-child\" data-id=\"4a35519\" data-element_type=\"container\">\n\t\t\t\t<div class=\"elementor-element elementor-element-148351c elementor-widget elementor-widget-heading\" data-id=\"148351c\" data-element_type=\"widget\" data-settings=\"{&quot;_animation&quot;:&quot;none&quot;,&quot;_animation_delay&quot;:&quot;50&quot;}\" data-widget_type=\"heading.default\">\n\t\t\t\t\t<p class=\"elementor-heading-title elementor-size-default\">Z Bavorsk\u00fdch alp k mo\u0159i<\/p>\t\t\t\t<\/div>\n\t\t\t\t<div class=\"elementor-element elementor-element-761c405 elementor-widget elementor-widget-heading\" data-id=\"761c405\" data-element_type=\"widget\" data-settings=\"{&quot;_animation&quot;:&quot;none&quot;,&quot;_animation_delay&quot;:&quot;200&quot;}\" data-widget_type=\"heading.default\">\n\t\t\t\t\t<h1 class=\"elementor-heading-title elementor-size-default\">Va\u0161i hostitel\u00e9<br>Martina &amp; David<\/h1>\t\t\t\t<\/div>\n\t\t\t\t<\/div>\n\t\t\t\t\t<\/div>\n\t\t\t\t<\/div>\n\t\t<div class=\"elementor-element elementor-element-d421991 e-flex e-con-boxed e-con e-parent\" data-id=\"d421991\" data-element_type=\"container\" data-settings=\"{&quot;background_background&quot;:&quot;classic&quot;}\">\n\t\t\t\t\t<div class=\"e-con-inner\">\n\t\t<div class=\"elementor-element elementor-element-b3dc3fb e-con-full e-flex e-con e-child\" data-id=\"b3dc3fb\" data-element_type=\"container\">\n\t\t\t\t<div class=\"elementor-element elementor-element-6b97758 elementor-widget elementor-widget-heading\" data-id=\"6b97758\" data-element_type=\"widget\" data-settings=\"{&quot;_animation&quot;:&quot;none&quot;,&quot;_animation_delay&quot;:&quot;200&quot;}\" data-widget_type=\"heading.default\">\n\t\t\t\t\t<h2 class=\"elementor-heading-title elementor-size-default\">Kdo jsme<\/h2>\t\t\t\t<\/div>\n\t\t\t\t<div class=\"elementor-element elementor-element-575ac7b elementor-widget elementor-widget-text-editor\" data-id=\"575ac7b\" data-element_type=\"widget\" data-settings=\"{&quot;_animation&quot;:&quot;none&quot;,&quot;_animation_delay&quot;:&quot;150&quot;}\" data-widget_type=\"text-editor.default\">\n\t\t\t\t\t\t\t\t\t<p><strong>Martina (29)<\/strong> - Rodil\u00e1 Chorvatka ze \u0160ibeniku. Zn\u00e1 ka\u017ed\u00fd koutek tohoto kr\u00e1sn\u00e9ho regionu a mluv\u00ed plynn\u011b chorvatsky, n\u011bmecky a nyn\u00ed i velmi dob\u0159e \u010desky.<\/p><p><strong>David (33)<\/strong> - z N\u011bmecka s \u010desk\u00fdmi ko\u0159eny. Mluv\u00ed plynn\u011b n\u011bmecky, \u010desky, anglicky a nyn\u00ed tak\u00e9 docela dob\u0159e chorvatsky.<\/p>\t\t\t\t\t\t\t\t<\/div>\n\t\t\t\t<div class=\"elementor-element elementor-element-f61af93 elementor-widget elementor-widget-image\" data-id=\"f61af93\" data-element_type=\"widget\" data-widget_type=\"image.default\">\n\t\t\t\t\t\t\t\t\t\t\t\t\t\t\t<img fetchpriority=\"high\" decoding=\"async\" width=\"1280\" height=\"967\" src=\"https:\/\/villa-serenity-sibenik.com\/wp-content\/uploads\/2025\/09\/IMG_5785-min.jpg\" class=\"attachment-full size-full wp-image-68\" alt=\"\" srcset=\"https:\/\/villa-serenity-sibenik.com\/wp-content\/uploads\/2025\/09\/IMG_5785-min.jpg 1280w, https:\/\/villa-serenity-sibenik.com\/wp-content\/uploads\/2025\/09\/IMG_5785-min-300x227.jpg 300w, https:\/\/villa-serenity-sibenik.com\/wp-content\/uploads\/2025\/09\/IMG_5785-min-1024x774.jpg 1024w, https:\/\/villa-serenity-sibenik.com\/wp-content\/uploads\/2025\/09\/IMG_5785-min-768x580.jpg 768w\" sizes=\"(max-width: 1280px) 100vw, 1280px\" \/>\t\t\t\t\t\t\t\t\t\t\t\t\t\t\t<\/div>\n\t\t\t\t<\/div>\n\t\t\t\t\t<\/div>\n\t\t\t\t<\/div>\n\t\t<div class=\"elementor-element elementor-element-464a76f e-flex e-con-boxed e-con e-parent\" data-id=\"464a76f\" data-element_type=\"container\" data-settings=\"{&quot;background_background&quot;:&quot;classic&quot;}\">\n\t\t\t\t\t<div class=\"e-con-inner\">\n\t\t<div class=\"elementor-element elementor-element-7fb6e39 e-con-full e-flex e-con e-child\" data-id=\"7fb6e39\" data-element_type=\"container\">\n\t\t\t\t<div class=\"elementor-element elementor-element-f83d518 elementor-widget elementor-widget-heading\" data-id=\"f83d518\" data-element_type=\"widget\" data-settings=\"{&quot;_animation&quot;:&quot;none&quot;,&quot;_animation_delay&quot;:&quot;200&quot;}\" data-widget_type=\"heading.default\">\n\t\t\t\t\t<h2 class=\"elementor-heading-title elementor-size-default\">Pro\u010d \u0160ibenik?<\/h2>\t\t\t\t<\/div>\n\t\t\t\t<div class=\"elementor-element elementor-element-d941a0b elementor-widget elementor-widget-text-editor\" data-id=\"d941a0b\" data-element_type=\"widget\" data-settings=\"{&quot;_animation&quot;:&quot;none&quot;,&quot;_animation_delay&quot;:&quot;150&quot;}\" data-widget_type=\"text-editor.default\">\n\t\t\t\t\t\t\t\t\t<p>Pro Martinu je to n\u00e1vrat dom\u016f - \u0160ibenik m\u00e1 pro ni p\u0159irozen\u011b zvl\u00e1\u0161tn\u00ed m\u00edsto v srdci. Pro Davida to byla l\u00e1ska na prvn\u00ed pohled: kombinace st\u0159edomo\u0159sk\u00e9 atmosf\u00e9ry, skv\u011bl\u00fdch pl\u00e1\u017e\u00ed a tyrkysov\u011b modr\u00e9ho mo\u0159e, autentick\u00e9 chorvatsk\u00e9 kultury a bl\u00edzkosti velkolep\u00fdch n\u00e1rodn\u00edch park\u016f byly rozhoduj\u00edc\u00edmi faktory pro tento krok. Mus\u00edme p\u0159iznat: 300 slune\u010dn\u00fdch dn\u00ed v roce n\u00e1m samoz\u0159ejm\u011b tak\u00e9 trochu usnadnilo rozhodnut\u00ed. <img decoding=\"async\" class=\"emoji\" role=\"img\" draggable=\"false\" src=\"https:\/\/s.w.org\/images\/core\/emoji\/16.0.1\/svg\/1f603.svg\" alt=\"\ud83d\ude03\" \/><\/p>\t\t\t\t\t\t\t\t<\/div>\n\t\t\t\t<\/div>\n\t\t\t\t\t<\/div>\n\t\t\t\t<\/div>\n\t\t\t\t<\/div>","protected":false},"excerpt":{"rendered":"<p>Od hor k Jadersk\u00e9mu mo\u0159i Va\u0161i hostitel\u00e9Martina &amp; David Kdo jsme Martina (29) - rodil\u00e1 Chorvatka ze \u0160ibeniku. Zn\u00e1 zdej\u0161\u00ed kraj jako sv\u00e9 boty a mluv\u00ed plynn\u011b chorvatsky, n\u011bmecky a nyn\u00ed i velmi dob\u0159e \u010desky. David (33) - z N\u011bmecka s \u010desk\u00fdmi ko\u0159eny. Mluv\u00ed plynn\u011b n\u011bmecky, \u010desky, anglicky a nyn\u00ed tak\u00e9 docela dob\u0159e [...]<\/p>","protected":false},"author":1,"featured_media":0,"parent":0,"menu_order":0,"comment_status":"closed","ping_status":"closed","template":"","meta":{"footnotes":""},"class_list":["post-522","page","type-page","status-publish","hentry"],"_links":{"self":[{"href":"https:\/\/villa-serenity-sibenik.com\/cs\/wp-json\/wp\/v2\/pages\/522","targetHints":{"allow":["GET"]}}],"collection":[{"href":"https:\/\/villa-serenity-sibenik.com\/cs\/wp-json\/wp\/v2\/pages"}],"about":[{"href":"https:\/\/villa-serenity-sibenik.com\/cs\/wp-json\/wp\/v2\/types\/page"}],"author":[{"embeddable":true,"href":"https:\/\/villa-serenity-sibenik.com\/cs\/wp-json\/wp\/v2\/users\/1"}],"replies":[{"embeddable":true,"href":"https:\/\/villa-serenity-sibenik.com\/cs\/wp-json\/wp\/v2\/comments?post=522"}],"version-history":[{"count":15,"href":"https:\/\/villa-serenity-sibenik.com\/cs\/wp-json\/wp\/v2\/pages\/522\/revisions"}],"predecessor-version":[{"id":1523,"href":"https:\/\/villa-serenity-sibenik.com\/cs\/wp-json\/wp\/v2\/pages\/522\/revisions\/1523"}],"wp:attachment":[{"href":"https:\/\/villa-serenity-sibenik.com\/cs\/wp-json\/wp\/v2\/media?parent=522"}],"curies":[{"name":"wp","href":"https:\/\/api.w.org\/{rel}","templated":true}]}}