{"id":281,"date":"2025-09-09T18:55:22","date_gmt":"2025-09-09T18:55:22","guid":{"rendered":"https:\/\/villa-serenity-sibenik.com\/?page_id=281"},"modified":"2025-12-11T20:21:00","modified_gmt":"2025-12-11T20:21:00","slug":"ceny-poptavka","status":"publish","type":"page","link":"https:\/\/villa-serenity-sibenik.com\/cs\/ceny-poptavka\/","title":{"rendered":"Ceny a nab\u00eddky"},"content":{"rendered":"<div data-elementor-type=\"wp-page\" data-elementor-id=\"281\" class=\"elementor elementor-281\" data-elementor-post-type=\"page\">\n\t\t\t\t<div class=\"elementor-element elementor-element-7397ca20 e-flex e-con-boxed e-con e-parent\" data-id=\"7397ca20\" data-element_type=\"container\" data-settings=\"{&quot;background_background&quot;:&quot;classic&quot;}\">\n\t\t\t\t\t<div class=\"e-con-inner\">\n\t\t<div class=\"elementor-element elementor-element-271624fe e-con-full e-flex e-con e-child\" data-id=\"271624fe\" data-element_type=\"container\">\n\t\t\t\t<div class=\"elementor-element elementor-element-1c48e078 elementor-widget elementor-widget-heading\" data-id=\"1c48e078\" data-element_type=\"widget\" data-settings=\"{&quot;_animation&quot;:&quot;none&quot;,&quot;_animation_delay&quot;:&quot;50&quot;}\" data-widget_type=\"heading.default\">\n\t\t\t\t\t<p class=\"elementor-heading-title elementor-size-default\">Z\u00e1ruka nejlep\u0161\u00ed ceny - p\u0159\u00edmo od n\u00e1s<\/p>\t\t\t\t<\/div>\n\t\t\t\t<div class=\"elementor-element elementor-element-169fc93e elementor-widget elementor-widget-heading\" data-id=\"169fc93e\" data-element_type=\"widget\" data-settings=\"{&quot;_animation&quot;:&quot;none&quot;,&quot;_animation_delay&quot;:&quot;200&quot;}\" data-widget_type=\"heading.default\">\n\t\t\t\t\t<h1 class=\"elementor-heading-title elementor-size-default\">Aktu\u00e1ln\u00ed ceny a dostupnost<\/h1>\t\t\t\t<\/div>\n\t\t<div class=\"elementor-element elementor-element-277a3f13 e-con-full e-flex e-con e-child\" data-id=\"277a3f13\" data-element_type=\"container\">\n\t\t\t\t<div class=\"elementor-element elementor-element-bae4533 elementor-widget elementor-widget-text-editor\" data-id=\"bae4533\" data-element_type=\"widget\" data-settings=\"{&quot;_animation&quot;:&quot;none&quot;,&quot;_animation_delay&quot;:&quot;150&quot;}\" data-widget_type=\"text-editor.default\">\n\t\t\t\t\t\t\t\t\t<p>M\u00e1te rezervaci r\u00e1di bez zbyte\u010dn\u00fdch komplikac\u00ed? My taky! Rezervace u n\u00e1s prob\u00edh\u00e1 \u00fapln\u011b jednodu\u0161e p\u0159es WhatsApp. Pro lep\u0161\u00ed p\u0159ehled jsme ale p\u0159idali kalend\u00e1\u0159 dostupnosti s automatick\u00fdm v\u00fdpo\u010dtem ceny. Sta\u010d\u00ed si vybrat term\u00edn a hned uvid\u00edte voln\u00e9 term\u00edny i p\u0159esnou cenu.\n\nNen\u00ed v\u00e1\u0161 vysn\u011bn\u00fd term\u00edn dostupn\u00fd? I tak n\u00e1m napi\u0161te \u2013 ob\u010das se uvoln\u00ed m\u00edsto na posledn\u00ed chv\u00edli, nebo spole\u010dn\u011b najdeme vhodnou alternativu.<\/p>\n<p><em><strong>Po\u017eadovan\u00e9 obdob\u00ed nen\u00ed k dispozici?<\/strong><\/em> P\u0159esto n\u00e1m napi\u0161te - n\u011bkdy m\u00e1me kr\u00e1tkodob\u00e9 mo\u017enosti nebo m\u016f\u017eeme spole\u010dn\u011b naj\u00edt vhodnou alternativu.<\/p>\t\t\t\t\t\t\t\t<\/div>\n\t\t\t\t<\/div>\n\t\t\t\t<\/div>\n\t\t\t\t\t<\/div>\n\t\t\t\t<\/div>\n\t\t<div class=\"elementor-element elementor-element-7567544e e-flex e-con-boxed e-con e-parent\" data-id=\"7567544e\" data-element_type=\"container\" data-settings=\"{&quot;background_background&quot;:&quot;classic&quot;}\">\n\t\t\t\t\t<div class=\"e-con-inner\">\n\t\t<div class=\"elementor-element elementor-element-7d8a5877 e-con-full e-flex e-con e-child\" data-id=\"7d8a5877\" data-element_type=\"container\">\n\t\t\t\t<div class=\"elementor-element elementor-element-dc315e0 elementor-widget elementor-widget-heading\" data-id=\"dc315e0\" data-element_type=\"widget\" data-settings=\"{&quot;_animation&quot;:&quot;none&quot;,&quot;_animation_delay&quot;:&quot;200&quot;}\" data-widget_type=\"heading.default\">\n\t\t\t\t\t<h2 class=\"elementor-heading-title elementor-size-default\">Takto prob\u00edh\u00e1 va\u0161e popt\u00e1vka<\/h2>\t\t\t\t<\/div>\n\t\t\t\t<div class=\"elementor-element elementor-element-7af490a ekit-template-ajax--yes elementor-widget elementor-widget-elementskit-advanced-toggle\" data-id=\"7af490a\" data-element_type=\"widget\" data-widget_type=\"elementskit-advanced-toggle.default\">\n\t\t\t\t<div class=\"elementor-widget-container\">\n\t\t\t\t\t<div class=\"ekit-wid-con\" ><div class=\"elementkit-toggle-tab-wraper\">\n    <div class=\"elemenetskit-toogle-controls-wraper-outer\">\n        <div class=\"elemenetskit-toogle-controls-wraper\">\n            <div class=\"elemenetskit-toggle-indicator\"><\/div>\n            <ul class=\"nav nav-tabs elementkit-tab-nav\">\n                                    <li data-elementor_current_item=\"elementor-repeater-item-a45f566\" class=\"elementor-repeater-item-a45f566\">\n                        <a class=\"elementskit-toggle-nav-link  active\" id=\"content-a45f56669e1627dbb9ad-tab\" data-ekit-toggle=\"tab\" href=\"#content-a45f56669e1627dbb9ad\"\n                        aria-describedby=\"content-a45f56669e1627dbb9ad\" data-indicator-color=\"\">\n                                                            <span class=\"elementskit-tab-title\">Whatsapp<\/span>\n                                                    <\/a>\n                    <\/li>\n                                    <li data-elementor_current_item=\"elementor-repeater-item-78cea34\" class=\"elementor-repeater-item-78cea34\">\n                        <a class=\"elementskit-toggle-nav-link\" id=\"content-78cea3469e1627dbb9ad-tab\" data-ekit-toggle=\"tab\" href=\"#content-78cea3469e1627dbb9ad\"\n                        aria-describedby=\"content-78cea3469e1627dbb9ad\" data-indicator-color=\"\">\n                                                            <span class=\"elementskit-tab-title\">Kalend\u00e1\u0159<\/span>\n                                                    <\/a>\n                    <\/li>\n                            <\/ul>\n        <\/div>\n    <\/div>\n    <div class=\"tab-content elementkit-toggle-tab-content\">\n                    <div \n            class=\"tab-pane elementkit-toggle-tab-pane elementor-repeater-item-a45f566  active show\" \n            id=\"content-a45f56669e1627dbb9ad\" \n            role=\"tabpanel\"\n            aria-labelledby=\"content-a45f56669e1627dbb9ad-tab\">\n                <div class=\"animated fadeIn\">\n                    \n\t\t<div class=\"widgetarea_warper widgetarea_warper_editable\" data-elementskit-widgetarea-key=\"7af490a\"  data-elementskit-widgetarea-index=\"a45f566\">\n\t\t\t<div class=\"widgetarea_warper_edit\" data-elementskit-widgetarea-key=\"7af490a\" data-elementskit-widgetarea-index=\"a45f566\">\n\t\t\t\t<i class=\"eicon-edit\" aria-hidden=\"true\"><\/i>\n\t\t\t\t<span>Upravit obsah<\/span>\n\t\t\t<\/div>\n\n\t\t\t<div class=\"ekit-widget-area-container\" data-ajax-post-id=\"485\"><\/div>\t\t<\/div>\n\t\t                <\/div>\n            <\/div>\n                    <div \n            class=\"tab-pane elementkit-toggle-tab-pane elementor-repeater-item-78cea34\" \n            id=\"content-78cea3469e1627dbb9ad\" \n            role=\"tabpanel\"\n            aria-labelledby=\"content-78cea3469e1627dbb9ad-tab\">\n                <div class=\"animated fadeIn\">\n                    \n\t\t<div class=\"widgetarea_warper widgetarea_warper_editable\" data-elementskit-widgetarea-key=\"7af490a\"  data-elementskit-widgetarea-index=\"78cea34\">\n\t\t\t<div class=\"widgetarea_warper_edit\" data-elementskit-widgetarea-key=\"7af490a\" data-elementskit-widgetarea-index=\"78cea34\">\n\t\t\t\t<i class=\"eicon-edit\" aria-hidden=\"true\"><\/i>\n\t\t\t\t<span>Upravit obsah<\/span>\n\t\t\t<\/div>\n\n\t\t\t<div class=\"ekit-widget-area-container\" data-ajax-post-id=\"496\"><\/div>\t\t<\/div>\n\t\t                <\/div>\n            <\/div>\n            <\/div>\n<\/div><\/div>\t\t\t\t<\/div>\n\t\t\t\t<\/div>\n\t\t\t\t<\/div>\n\t\t\t\t\t<\/div>\n\t\t\t\t<\/div>\n\t\t<div class=\"elementor-element elementor-element-69d04a85 e-flex e-con-boxed e-con e-parent\" data-id=\"69d04a85\" data-element_type=\"container\" data-settings=\"{&quot;background_background&quot;:&quot;classic&quot;}\">\n\t\t\t\t\t<div class=\"e-con-inner\">\n\t\t<div class=\"elementor-element elementor-element-4a495c89 e-con-full e-flex e-con e-child\" data-id=\"4a495c89\" data-element_type=\"container\" data-settings=\"{&quot;motion_fx_motion_fx_scrolling&quot;:&quot;yes&quot;,&quot;motion_fx_devices&quot;:[&quot;desktop&quot;,&quot;tablet&quot;],&quot;motion_fx_range&quot;:&quot;viewport&quot;}\">\n\t\t<div class=\"elementor-element elementor-element-3f583db7 e-con-full e-flex e-con e-child\" data-id=\"3f583db7\" data-element_type=\"container\">\n\t\t\t\t<div class=\"elementor-element elementor-element-1ef3c612 elementor-widget elementor-widget-heading\" data-id=\"1ef3c612\" data-element_type=\"widget\" data-settings=\"{&quot;_animation&quot;:&quot;none&quot;,&quot;_animation_delay&quot;:&quot;200&quot;}\" data-widget_type=\"heading.default\">\n\t\t\t\t\t<h2 class=\"elementor-heading-title elementor-size-default\">Co je zahrnuto v z\u00e1kladn\u00ed cen\u011b<\/h2>\t\t\t\t<\/div>\n\t\t\t\t<div class=\"elementor-element elementor-element-a00fbb8 elementor-widget elementor-widget-text-editor\" data-id=\"a00fbb8\" data-element_type=\"widget\" data-settings=\"{&quot;_animation&quot;:&quot;none&quot;,&quot;_animation_delay&quot;:&quot;150&quot;}\" data-widget_type=\"text-editor.default\">\n\t\t\t\t\t\t\t\t\t<p>Kompletn\u00ed vila a\u017e pro 10 osob (260m\u00b2)<\/p><p>Soukrom\u00fd vyh\u0159\u00edvan\u00fd baz\u00e9n s leh\u00e1tky<\/p><p>Parkovi\u0161t\u011b p\u0159\u00edmo u domu<\/p><p>Exkluzivn\u00ed digit\u00e1ln\u00ed slo\u017eka pro hosty se zasv\u011bcen\u00fdmi tipy, zaj\u00edmavostmi regionu, doporu\u010den\u00edmi na restaurace, nejlep\u0161\u00ed pl\u00e1\u017ee, vina\u0159stv\u00ed a mnoho dal\u0161\u00edho...<\/p><p>WIFI v cel\u00e9m dom\u011b<\/p><p>Lo\u017en\u00ed pr\u00e1dlo, ru\u010dn\u00edky (i na pl\u00e1\u017e) pro v\u0161echny hosty<\/p><p>Elekt\u0159ina, voda a odpad<\/p><p>Z\u00e1v\u011bre\u010dn\u00e9 \u010di\u0161t\u011bn\u00ed<\/p><p>Turistick\u00e1 da\u0148<\/p>\t\t\t\t\t\t\t\t<\/div>\n\t\t\t\t<\/div>\n\t\t\t\t<\/div>\n\t\t\t\t\t<\/div>\n\t\t\t\t<\/div>\n\t\t<div class=\"elementor-element elementor-element-2b18e48 e-flex e-con-boxed e-con e-parent\" data-id=\"2b18e48\" data-element_type=\"container\" data-settings=\"{&quot;background_background&quot;:&quot;classic&quot;}\">\n\t\t\t\t\t<div class=\"e-con-inner\">\n\t\t<div class=\"elementor-element elementor-element-93dd343 e-con-full e-flex e-con e-child\" data-id=\"93dd343\" data-element_type=\"container\" data-settings=\"{&quot;motion_fx_motion_fx_scrolling&quot;:&quot;yes&quot;,&quot;motion_fx_devices&quot;:[&quot;desktop&quot;,&quot;tablet&quot;],&quot;motion_fx_range&quot;:&quot;viewport&quot;}\">\n\t\t<div class=\"elementor-element elementor-element-a67d8c3 e-con-full e-flex e-con e-child\" data-id=\"a67d8c3\" data-element_type=\"container\">\n\t\t\t\t<div class=\"elementor-element elementor-element-4a126ef elementor-widget elementor-widget-heading\" data-id=\"4a126ef\" data-element_type=\"widget\" data-settings=\"{&quot;_animation&quot;:&quot;none&quot;,&quot;_animation_delay&quot;:&quot;200&quot;}\" data-widget_type=\"heading.default\">\n\t\t\t\t\t<h2 class=\"elementor-heading-title elementor-size-default\">Minim\u00e1ln\u00ed d\u00e9lka pobytu<\/h2>\t\t\t\t<\/div>\n\t\t\t\t<div class=\"elementor-element elementor-element-b7677e0 elementor-widget elementor-widget-text-editor\" data-id=\"b7677e0\" data-element_type=\"widget\" data-settings=\"{&quot;_animation&quot;:&quot;none&quot;,&quot;_animation_delay&quot;:&quot;150&quot;}\" data-widget_type=\"text-editor.default\">\n\t\t\t\t\t\t\t\t\t<p><strong>Obdob\u00ed:<\/strong> 30.04. - 14.06.<br \/><strong>Minim\u00e1ln\u00ed d\u00e9lka pobytu:<\/strong> 5 noc\u00ed<br \/><strong>P\u0159\u00edjezd a odjezd<\/strong>: sobota, ned\u011ble, \u010dtvrtek<br \/><em>*Jin\u00e9 dny p\u0159\u00edjezdu a odjezdu jsou mo\u017en\u00e9 v z\u00e1vislosti na dostupnosti.<\/em><\/p><p><strong>Obdob\u00ed:<\/strong> 15.06. - 15.09.<br \/><strong>Minim\u00e1ln\u00ed d\u00e9lka pobytu:<\/strong> 7 noc\u00ed<br \/><strong>P\u0159\u00edjezd a odjezd<\/strong>: sobota, ned\u011ble, \u010dtvrtek<br \/><em>*Jin\u00e9 dny p\u0159\u00edjezdu a odjezdu jsou mo\u017en\u00e9 v z\u00e1vislosti na dostupnosti.<\/em><\/p><p><strong>Obdob\u00ed:<\/strong> 16.09. - 15.11.<br \/><strong>Minim\u00e1ln\u00ed d\u00e9lka pobytu:<\/strong> 5 noc\u00ed<br \/><strong>P\u0159\u00edjezd a odjezd<\/strong>: sobota, ned\u011ble, \u010dtvrtek<br \/><em>*Jin\u00e9 dny p\u0159\u00edjezdu a odjezdu jsou mo\u017en\u00e9 v z\u00e1vislosti na dostupnosti.<\/em><\/p><p><strong>Obdob\u00ed:<\/strong> 16.11. - 29.04. <br \/>(krom\u011b Nov\u00e9ho roku a Velikonoc)<br \/><strong>Minim\u00e1ln\u00ed d\u00e9lka pobytu:<\/strong> 3 noci<br \/><strong>P\u0159\u00edjezd a odjezd<\/strong>: sobota, ned\u011ble, \u010dtvrtek<br \/><em>*Jin\u00e9 dny p\u0159\u00edjezdu a odjezdu jsou mo\u017en\u00e9 v z\u00e1vislosti na dostupnosti.<\/em><\/p>\t\t\t\t\t\t\t\t<\/div>\n\t\t\t\t<\/div>\n\t\t\t\t<\/div>\n\t\t\t\t\t<\/div>\n\t\t\t\t<\/div>\n\t\t\t\t<\/div>","protected":false},"excerpt":{"rendered":"<p>Z\u00e1ruka nejlep\u0161\u00ed ceny - p\u0159\u00edmo od n\u00e1s Aktu\u00e1ln\u00ed ceny a dostupnost M\u00e1te r\u00e1di nekomplikovan\u00e9? My tak\u00e9! S n\u00e1mi je rezervace p\u0159es WhatsApp snadn\u00e1. Pro lep\u0161\u00ed p\u0159ehled jsme v\u0161ak p\u0159ipojili kalend\u00e1\u0159 dostupnosti s v\u00fdpo\u010dtem ceny. Vyberte si po\u017eadovan\u00e9 obdob\u00ed a ihned uvid\u00edte dostupn\u00e9 term\u00edny s p\u0159esn\u00fdmi cenami. V\u00e1mi preferovan\u00fd term\u00edn nen\u00ed k dispozici? I tak n\u00e1m napi\u0161te - [...]<\/p>","protected":false},"author":1,"featured_media":0,"parent":0,"menu_order":0,"comment_status":"closed","ping_status":"closed","template":"","meta":{"footnotes":""},"class_list":["post-281","page","type-page","status-publish","hentry"],"_links":{"self":[{"href":"https:\/\/villa-serenity-sibenik.com\/cs\/wp-json\/wp\/v2\/pages\/281","targetHints":{"allow":["GET"]}}],"collection":[{"href":"https:\/\/villa-serenity-sibenik.com\/cs\/wp-json\/wp\/v2\/pages"}],"about":[{"href":"https:\/\/villa-serenity-sibenik.com\/cs\/wp-json\/wp\/v2\/types\/page"}],"author":[{"embeddable":true,"href":"https:\/\/villa-serenity-sibenik.com\/cs\/wp-json\/wp\/v2\/users\/1"}],"replies":[{"embeddable":true,"href":"https:\/\/villa-serenity-sibenik.com\/cs\/wp-json\/wp\/v2\/comments?post=281"}],"version-history":[{"count":12,"href":"https:\/\/villa-serenity-sibenik.com\/cs\/wp-json\/wp\/v2\/pages\/281\/revisions"}],"predecessor-version":[{"id":1509,"href":"https:\/\/villa-serenity-sibenik.com\/cs\/wp-json\/wp\/v2\/pages\/281\/revisions\/1509"}],"wp:attachment":[{"href":"https:\/\/villa-serenity-sibenik.com\/cs\/wp-json\/wp\/v2\/media?parent=281"}],"curies":[{"name":"wp","href":"https:\/\/api.w.org\/{rel}","templated":true}]}}